{"id":13877,"date":"2025-10-09T09:50:40","date_gmt":"2025-10-09T09:50:40","guid":{"rendered":"http:\/\/hexexist.com\/product\/yorumlar-akisi-google-yorumlari-yelp-tripadvisor-ve-daha-fazlasindan-gorusler-ve-musteri-yorumlari-ekleyin\/"},"modified":"2025-10-09T09:50:40","modified_gmt":"2025-10-09T09:50:40","slug":"yorumlar-akisi-google-yorumlari-yelp-tripadvisor-ve-daha-fazlasindan-gorusler-ve-musteri-yorumlari-ekleyin","status":"publish","type":"product","link":"https:\/\/hexexist.com\/tr\/urun\/yorumlar-akisi-google-yorumlari-yelp-tripadvisor-ve-daha-fazlasindan-gorusler-ve-musteri-yorumlari-ekleyin\/","title":{"rendered":"Yorumlar Ak\u0131\u015f\u0131 Google Yorumlar\u0131, Yelp, TripAdvisor ve Daha Fazlas\u0131ndan G\u00f6r\u00fc\u015fler ve M\u00fc\u015fteri Yorumlar\u0131 Ekleyin"},"content":{"rendered":"<p>Yelp ve Google i\u015fletme yorumlar\u0131n\u0131 sitenizde tek bir ak\u0131\u015fta veya birden fazla farkl\u0131 ak\u0131\u015fta g\u00f6r\u00fcnt\u00fcleyin. Site ziyaret\u00e7ilerini \u00f6deme yapan m\u00fc\u015fterilere d\u00f6n\u00fc\u015ft\u00fcrecek ger\u00e7ek m\u00fc\u015fteri referanslar\u0131 arac\u0131l\u0131\u011f\u0131yla sosyal kan\u0131t sa\u011flay\u0131n. <\/p>\n","protected":false},"excerpt":{"rendered":"<p>Yelp ve Google i\u015fletme yorumlar\u0131n\u0131 sitenizde tek bir ak\u0131\u015fta veya birden fazla farkl\u0131 ak\u0131\u015fta g\u00f6r\u00fcnt\u00fcleyin. Site ziyaret\u00e7ilerini \u00f6deme yapan m\u00fc\u015fterilere d\u00f6n\u00fc\u015ft\u00fcrecek ger\u00e7ek m\u00fc\u015fteri referanslar\u0131 arac\u0131l\u0131\u011f\u0131yla sosyal kan\u0131t sa\u011flay\u0131n.<\/p>\n","protected":false},"featured_media":13276,"comment_status":"open","ping_status":"closed","template":"","meta":[],"product_brand":[],"product_cat":[1413],"product_tag":[1944,1948,1949,1950,1946],"class_list":{"0":"post-13877","1":"product","2":"type-product","3":"status-publish","4":"has-post-thumbnail","6":"product_cat-eklentiler","7":"product_tag-google-business-tr","8":"product_tag-google-yorumlari","9":"product_tag-referanslar","10":"product_tag-yelp-tr","11":"product_tag-yorumlar-tr","13":"first","14":"instock","15":"downloadable","16":"virtual","17":"product-type-simple"},"_links":{"self":[{"href":"https:\/\/hexexist.com\/tr\/wp-json\/wp\/v2\/product\/13877","targetHints":{"allow":["GET"]}}],"collection":[{"href":"https:\/\/hexexist.com\/tr\/wp-json\/wp\/v2\/product"}],"about":[{"href":"https:\/\/hexexist.com\/tr\/wp-json\/wp\/v2\/types\/product"}],"replies":[{"embeddable":true,"href":"https:\/\/hexexist.com\/tr\/wp-json\/wp\/v2\/comments?post=13877"}],"wp:featuredmedia":[{"embeddable":true,"href":"https:\/\/hexexist.com\/tr\/wp-json\/wp\/v2\/media\/13276"}],"wp:attachment":[{"href":"https:\/\/hexexist.com\/tr\/wp-json\/wp\/v2\/media?parent=13877"}],"wp:term":[{"taxonomy":"product_brand","embeddable":true,"href":"https:\/\/hexexist.com\/tr\/wp-json\/wp\/v2\/product_brand?post=13877"},{"taxonomy":"product_cat","embeddable":true,"href":"https:\/\/hexexist.com\/tr\/wp-json\/wp\/v2\/product_cat?post=13877"},{"taxonomy":"product_tag","embeddable":true,"href":"https:\/\/hexexist.com\/tr\/wp-json\/wp\/v2\/product_tag?post=13877"}],"curies":[{"name":"wp","href":"https:\/\/api.w.org\/{rel}","templated":true}]}}