{"id":13878,"date":"2025-10-09T09:50:40","date_gmt":"2025-10-09T09:50:40","guid":{"rendered":"http:\/\/hexexist.com\/product\/e-posta-pazarlama-ve-potansiyel-musteri-olusturma-pop-uplari-icin-hustle-ucretsiz-popup-olusturucu-ve-optin-eklentisi\/"},"modified":"2025-10-09T09:50:40","modified_gmt":"2025-10-09T09:50:40","slug":"e-posta-pazarlama-ve-potansiyel-musteri-olusturma-pop-uplari-icin-hustle-ucretsiz-popup-olusturucu-ve-optin-eklentisi","status":"publish","type":"product","link":"https:\/\/hexexist.com\/tr\/urun\/e-posta-pazarlama-ve-potansiyel-musteri-olusturma-pop-uplari-icin-hustle-ucretsiz-popup-olusturucu-ve-optin-eklentisi\/","title":{"rendered":"E-posta Pazarlama ve Potansiyel M\u00fc\u015fteri Olu\u015fturma Pop-up&#8217;lar\u0131 i\u00e7in Hustle \u00dccretsiz Popup Olu\u015fturucu ve Optin Eklentisi"},"content":{"rendered":"<p>Yeni favori pazarlama yard\u0131mc\u0131n\u0131zla tan\u0131\u015f\u0131n. \u2728<\/p>\n","protected":false},"excerpt":{"rendered":"<p>Yeni favori pazarlama yard\u0131mc\u0131n\u0131zla tan\u0131\u015f\u0131n. \u2728<\/p>\n","protected":false},"featured_media":13280,"comment_status":"open","ping_status":"closed","template":"","meta":[],"product_brand":[],"product_cat":[1413],"product_tag":[1872,1952,1954,1951,1645],"class_list":{"0":"post-13878","1":"product","2":"type-product","3":"status-publish","4":"has-post-thumbnail","6":"product_cat-eklentiler","7":"product_tag-acilir-pencere","8":"product_tag-acilir-pencereler","9":"product_tag-kursun-uretimi","10":"product_tag-optin-tr","11":"product_tag-pazarlama","13":"first","14":"instock","15":"downloadable","16":"virtual","17":"product-type-simple"},"_links":{"self":[{"href":"https:\/\/hexexist.com\/tr\/wp-json\/wp\/v2\/product\/13878","targetHints":{"allow":["GET"]}}],"collection":[{"href":"https:\/\/hexexist.com\/tr\/wp-json\/wp\/v2\/product"}],"about":[{"href":"https:\/\/hexexist.com\/tr\/wp-json\/wp\/v2\/types\/product"}],"replies":[{"embeddable":true,"href":"https:\/\/hexexist.com\/tr\/wp-json\/wp\/v2\/comments?post=13878"}],"wp:featuredmedia":[{"embeddable":true,"href":"https:\/\/hexexist.com\/tr\/wp-json\/wp\/v2\/media\/13280"}],"wp:attachment":[{"href":"https:\/\/hexexist.com\/tr\/wp-json\/wp\/v2\/media?parent=13878"}],"wp:term":[{"taxonomy":"product_brand","embeddable":true,"href":"https:\/\/hexexist.com\/tr\/wp-json\/wp\/v2\/product_brand?post=13878"},{"taxonomy":"product_cat","embeddable":true,"href":"https:\/\/hexexist.com\/tr\/wp-json\/wp\/v2\/product_cat?post=13878"},{"taxonomy":"product_tag","embeddable":true,"href":"https:\/\/hexexist.com\/tr\/wp-json\/wp\/v2\/product_tag?post=13878"}],"curies":[{"name":"wp","href":"https:\/\/api.w.org\/{rel}","templated":true}]}}