{"id":13879,"date":"2025-10-09T09:50:41","date_gmt":"2025-10-09T09:50:41","guid":{"rendered":"http:\/\/hexexist.com\/product\/yorumlari-devre-disi-birak\/"},"modified":"2025-10-09T09:50:41","modified_gmt":"2025-10-09T09:50:41","slug":"yorumlari-devre-disi-birak","status":"publish","type":"product","link":"https:\/\/hexexist.com\/tr\/urun\/yorumlari-devre-disi-birak\/","title":{"rendered":"Yorumlar\u0131 Devre D\u0131\u015f\u0131 B\u0131rak"},"content":{"rendered":"<p>Yorumlar\u0131 Devre D\u0131\u015f\u0131 B\u0131rak RB Eklentisi, web sitelerindeki yorumlar\u0131 tamamen devre d\u0131\u015f\u0131 b\u0131rakmak isteyen y\u00f6neticiler i\u00e7in de\u011ferli bir ara\u00e7t\u0131r. Eklentimiz genel devre d\u0131\u015f\u0131 b\u0131rakma i\u015flevi sunarak yaz\u0131lar, sayfalar ve eklerde yorumlarla ilgili t\u00fcm \u00f6zellikleri ve se\u00e7enekleri etkili bir \u015fekilde kald\u0131r\u0131r. Basitlik ve g\u00fcce odaklanan eklentimiz, ak\u0131ll\u0131 bir algoritma kullanarak yorumlar\u0131 y\u00f6netme s\u00fcrecini kolayla\u015ft\u0131r\u0131r.  <\/p>\n","protected":false},"excerpt":{"rendered":"<p>Yorumlar\u0131 Devre D\u0131\u015f\u0131 B\u0131rak RB Eklentisi, web sitelerindeki yorumlar\u0131 tamamen devre d\u0131\u015f\u0131 b\u0131rakmak isteyen y\u00f6neticiler i\u00e7in de\u011ferli bir ara\u00e7t\u0131r. Eklentimiz genel devre d\u0131\u015f\u0131 b\u0131rakma i\u015flevi sunarak yaz\u0131lar, sayfalar ve eklerde yorumlarla ilgili t\u00fcm \u00f6zellikleri ve se\u00e7enekleri etkili bir \u015fekilde kald\u0131r\u0131r. Basitlik ve g\u00fcce odaklanan eklentimiz, ak\u0131ll\u0131 bir algoritma kullanarak yorumlar\u0131 y\u00f6netme s\u00fcrecini kolayla\u015ft\u0131r\u0131r.<\/p>\n","protected":false},"featured_media":13287,"comment_status":"open","ping_status":"closed","template":"","meta":[],"product_brand":[],"product_cat":[1413],"product_tag":[1812,1634,1953],"class_list":{"0":"post-13879","1":"product","2":"type-product","3":"status-publish","4":"has-post-thumbnail","6":"product_cat-eklentiler","7":"product_tag-disable-tr","8":"product_tag-yorumlar","9":"product_tag-yorumlari-devre-disi-birak","11":"first","12":"instock","13":"downloadable","14":"virtual","15":"product-type-simple"},"_links":{"self":[{"href":"https:\/\/hexexist.com\/tr\/wp-json\/wp\/v2\/product\/13879","targetHints":{"allow":["GET"]}}],"collection":[{"href":"https:\/\/hexexist.com\/tr\/wp-json\/wp\/v2\/product"}],"about":[{"href":"https:\/\/hexexist.com\/tr\/wp-json\/wp\/v2\/types\/product"}],"replies":[{"embeddable":true,"href":"https:\/\/hexexist.com\/tr\/wp-json\/wp\/v2\/comments?post=13879"}],"wp:featuredmedia":[{"embeddable":true,"href":"https:\/\/hexexist.com\/tr\/wp-json\/wp\/v2\/media\/13287"}],"wp:attachment":[{"href":"https:\/\/hexexist.com\/tr\/wp-json\/wp\/v2\/media?parent=13879"}],"wp:term":[{"taxonomy":"product_brand","embeddable":true,"href":"https:\/\/hexexist.com\/tr\/wp-json\/wp\/v2\/product_brand?post=13879"},{"taxonomy":"product_cat","embeddable":true,"href":"https:\/\/hexexist.com\/tr\/wp-json\/wp\/v2\/product_cat?post=13879"},{"taxonomy":"product_tag","embeddable":true,"href":"https:\/\/hexexist.com\/tr\/wp-json\/wp\/v2\/product_tag?post=13879"}],"curies":[{"name":"wp","href":"https:\/\/api.w.org\/{rel}","templated":true}]}}