{"id":13880,"date":"2025-10-09T09:50:41","date_gmt":"2025-10-09T09:50:41","guid":{"rendered":"http:\/\/hexexist.com\/product\/e-postayi-kontrol-et-ve-gunluge-kaydet-kolay-e-posta-testi-ve-posta-gunlugu\/"},"modified":"2025-10-09T09:50:41","modified_gmt":"2025-10-09T09:50:41","slug":"e-postayi-kontrol-et-ve-gunluge-kaydet-kolay-e-posta-testi-ve-posta-gunlugu","status":"publish","type":"product","link":"https:\/\/hexexist.com\/tr\/urun\/e-postayi-kontrol-et-ve-gunluge-kaydet-kolay-e-posta-testi-ve-posta-gunlugu\/","title":{"rendered":"E-postay\u0131 Kontrol Et ve G\u00fcnl\u00fc\u011fe Kaydet Kolay E-posta Testi ve Posta g\u00fcnl\u00fc\u011f\u00fc"},"content":{"rendered":"<p>WordPress&#8217;ten g\u00f6nderilen t\u00fcm e-postalar\u0131 kolayca g\u00fcnl\u00fc\u011fe kaydetmenizi ve g\u00f6r\u00fcnt\u00fclemenizi sa\u011flayan bir araca m\u0131 ihtiyac\u0131n\u0131z var? Check &amp; Log tam da bunun i\u00e7in bir \u00e7\u00f6z\u00fcm olabilir. Bu WordPress eklentisi, g\u00f6nderilen e-postalar\u0131 denetim amac\u0131yla saklaman\u0131za ve WordPress sitenizdeki e-posta ile ilgili sorunlarda hata ay\u0131klaman\u0131za yard\u0131mc\u0131 olur. En iyi WooCommerce veya Easy Digital Downloads ile olu\u015fturulmu\u015f e-ticaret web sitelerinde \u00e7al\u0131\u015f\u0131r.   <\/p>\n","protected":false},"excerpt":{"rendered":"<p>WordPress&#8217;ten g\u00f6nderilen t\u00fcm e-postalar\u0131 kolayca g\u00fcnl\u00fc\u011fe kaydetmenizi ve g\u00f6r\u00fcnt\u00fclemenizi sa\u011flayan bir araca m\u0131 ihtiyac\u0131n\u0131z var? Check &amp; Log tam da bunun i\u00e7in bir \u00e7\u00f6z\u00fcm olabilir. Bu WordPress eklentisi, g\u00f6nderilen e-postalar\u0131 denetim amac\u0131yla saklaman\u0131za ve WordPress sitenizdeki e-posta ile ilgili sorunlarda hata ay\u0131klaman\u0131za yard\u0131mc\u0131 olur. En iyi WooCommerce veya Easy Digital Downloads ile olu\u015fturulmu\u015f e-ticaret web [&hellip;]<\/p>\n","protected":false},"featured_media":13286,"comment_status":"open","ping_status":"closed","template":"","meta":[],"product_brand":[],"product_cat":[1413],"product_tag":[1605,1606,1955,1607,1661],"class_list":{"0":"post-13880","1":"product","2":"type-product","3":"status-publish","4":"has-post-thumbnail","6":"product_cat-eklentiler","7":"product_tag-e-posta","8":"product_tag-e-posta-gunlugu","9":"product_tag-giris-yapmak","10":"product_tag-log-tr","11":"product_tag-smtp-tr","13":"first","14":"instock","15":"downloadable","16":"virtual","17":"product-type-simple"},"_links":{"self":[{"href":"https:\/\/hexexist.com\/tr\/wp-json\/wp\/v2\/product\/13880","targetHints":{"allow":["GET"]}}],"collection":[{"href":"https:\/\/hexexist.com\/tr\/wp-json\/wp\/v2\/product"}],"about":[{"href":"https:\/\/hexexist.com\/tr\/wp-json\/wp\/v2\/types\/product"}],"replies":[{"embeddable":true,"href":"https:\/\/hexexist.com\/tr\/wp-json\/wp\/v2\/comments?post=13880"}],"wp:featuredmedia":[{"embeddable":true,"href":"https:\/\/hexexist.com\/tr\/wp-json\/wp\/v2\/media\/13286"}],"wp:attachment":[{"href":"https:\/\/hexexist.com\/tr\/wp-json\/wp\/v2\/media?parent=13880"}],"wp:term":[{"taxonomy":"product_brand","embeddable":true,"href":"https:\/\/hexexist.com\/tr\/wp-json\/wp\/v2\/product_brand?post=13880"},{"taxonomy":"product_cat","embeddable":true,"href":"https:\/\/hexexist.com\/tr\/wp-json\/wp\/v2\/product_cat?post=13880"},{"taxonomy":"product_tag","embeddable":true,"href":"https:\/\/hexexist.com\/tr\/wp-json\/wp\/v2\/product_tag?post=13880"}],"curies":[{"name":"wp","href":"https:\/\/api.w.org\/{rel}","templated":true}]}}