{"id":13881,"date":"2025-10-09T09:50:40","date_gmt":"2025-10-09T09:50:40","guid":{"rendered":"http:\/\/hexexist.com\/product\/woocommerce-icin-husky-products-filter-professional\/"},"modified":"2025-10-09T09:50:40","modified_gmt":"2025-10-09T09:50:40","slug":"woocommerce-icin-husky-products-filter-professional","status":"publish","type":"product","link":"https:\/\/hexexist.com\/tr\/urun\/woocommerce-icin-husky-products-filter-professional\/","title":{"rendered":"WooCommerce i\u00e7in HUSKY Products Filter Professional"},"content":{"rendered":"<p>HUSKY WooCommerce Products Filter Professional (eski ad\u0131yla WOOF), WooCommerce eklentisinin i\u015flevselli\u011fini art\u0131ran geli\u015fmi\u015f ve \u00e7ok y\u00f6nl\u00fc bir filtre eklentisidir. Web sitenizin ziyaret\u00e7ilerinin woocommerce \u00fcr\u00fcnlerini kategorilere, niteliklere, etiketlere, taksonomilere, meta alanlara ve \u00fcr\u00fcn fiyat\u0131na g\u00f6re kolayca aramas\u0131n\u0131 ve filtrelemesini sa\u011flar. G\u00fc\u00e7l\u00fc ve kullan\u0131c\u0131 dostu \u00f6zellikleri ile HUSKY, m\u00fc\u015fterilerin istedikleri \u00fcr\u00fcnleri verimli bir \u015fekilde bulmalar\u0131na yard\u0131mc\u0131 olmak i\u00e7in sorunsuz bir filtreleme deneyimi sa\u011flar  <\/p>\n","protected":false},"excerpt":{"rendered":"<p>HUSKY WooCommerce Products Filter Professional (eski ad\u0131yla WOOF), WooCommerce eklentisinin i\u015flevselli\u011fini art\u0131ran geli\u015fmi\u015f ve \u00e7ok y\u00f6nl\u00fc bir filtre eklentisidir. Web sitenizin ziyaret\u00e7ilerinin woocommerce \u00fcr\u00fcnlerini kategorilere, niteliklere, etiketlere, taksonomilere, meta alanlara ve \u00fcr\u00fcn fiyat\u0131na g\u00f6re kolayca aramas\u0131n\u0131 ve filtrelemesini sa\u011flar. G\u00fc\u00e7l\u00fc ve kullan\u0131c\u0131 dostu \u00f6zellikleri ile HUSKY, m\u00fc\u015fterilerin istedikleri \u00fcr\u00fcnleri verimli bir \u015fekilde bulmalar\u0131na yard\u0131mc\u0131 olmak [&hellip;]<\/p>\n","protected":false},"featured_media":13279,"comment_status":"open","ping_status":"closed","template":"","meta":[],"product_brand":[],"product_cat":[1413],"product_tag":[1956,1957,1485,1459],"class_list":{"0":"post-13881","1":"product","2":"type-product","3":"status-publish","4":"has-post-thumbnail","6":"product_cat-eklentiler","7":"product_tag-ajax-filtresi","8":"product_tag-filtre","9":"product_tag-urun-filtresi","10":"product_tag-woocommerce-tr","12":"first","13":"instock","14":"downloadable","15":"virtual","16":"product-type-simple"},"_links":{"self":[{"href":"https:\/\/hexexist.com\/tr\/wp-json\/wp\/v2\/product\/13881","targetHints":{"allow":["GET"]}}],"collection":[{"href":"https:\/\/hexexist.com\/tr\/wp-json\/wp\/v2\/product"}],"about":[{"href":"https:\/\/hexexist.com\/tr\/wp-json\/wp\/v2\/types\/product"}],"replies":[{"embeddable":true,"href":"https:\/\/hexexist.com\/tr\/wp-json\/wp\/v2\/comments?post=13881"}],"wp:featuredmedia":[{"embeddable":true,"href":"https:\/\/hexexist.com\/tr\/wp-json\/wp\/v2\/media\/13279"}],"wp:attachment":[{"href":"https:\/\/hexexist.com\/tr\/wp-json\/wp\/v2\/media?parent=13881"}],"wp:term":[{"taxonomy":"product_brand","embeddable":true,"href":"https:\/\/hexexist.com\/tr\/wp-json\/wp\/v2\/product_brand?post=13881"},{"taxonomy":"product_cat","embeddable":true,"href":"https:\/\/hexexist.com\/tr\/wp-json\/wp\/v2\/product_cat?post=13881"},{"taxonomy":"product_tag","embeddable":true,"href":"https:\/\/hexexist.com\/tr\/wp-json\/wp\/v2\/product_tag?post=13881"}],"curies":[{"name":"wp","href":"https:\/\/api.w.org\/{rel}","templated":true}]}}