{"id":13882,"date":"2025-10-09T09:50:42","date_gmt":"2025-10-09T09:50:42","guid":{"rendered":"http:\/\/hexexist.com\/product\/wordpress-icin-sabit-widget-ve-yapiskan-ogeler\/"},"modified":"2025-10-09T09:50:42","modified_gmt":"2025-10-09T09:50:42","slug":"wordpress-icin-sabit-widget-ve-yapiskan-ogeler","status":"publish","type":"product","link":"https:\/\/hexexist.com\/tr\/urun\/wordpress-icin-sabit-widget-ve-yapiskan-ogeler\/","title":{"rendered":"WordPress i\u00e7in Sabit Widget ve Yap\u0131\u015fkan \u00d6\u011feler"},"content":{"rendered":"<p>Kullan\u0131c\u0131 sayfay\u0131 yukar\u0131 veya a\u015fa\u011f\u0131 kayd\u0131rd\u0131\u011f\u0131nda g\u00f6r\u00fcn\u00fcr ekran alan\u0131nda kalan yap\u0131\u015fkan widget&#8217;lar, yap\u0131\u015fkan bloklar ve di\u011fer \u00f6\u011feler olu\u015fturmak i\u00e7in Sabit Widget&#8217;\u0131 kullan\u0131n.<\/p>\n","protected":false},"excerpt":{"rendered":"<p>Kullan\u0131c\u0131 sayfay\u0131 yukar\u0131 veya a\u015fa\u011f\u0131 kayd\u0131rd\u0131\u011f\u0131nda g\u00f6r\u00fcn\u00fcr ekran alan\u0131nda kalan yap\u0131\u015fkan widget&#8217;lar, yap\u0131\u015fkan bloklar ve di\u011fer \u00f6\u011feler olu\u015fturmak i\u00e7in Sabit Widget&#8217;\u0131 kullan\u0131n.<\/p>\n","protected":false},"featured_media":13295,"comment_status":"open","ping_status":"closed","template":"","meta":[],"product_brand":[],"product_cat":[1413],"product_tag":[1895,1958,1961,1427,1800],"class_list":{"0":"post-13882","1":"product","2":"type-product","3":"status-publish","4":"has-post-thumbnail","6":"product_cat-eklentiler","7":"product_tag-kenar-cubugu","8":"product_tag-reklamlar","9":"product_tag-sabit-widget","10":"product_tag-widget-tr","11":"product_tag-yapiskan-widget","13":"first","14":"instock","15":"downloadable","16":"virtual","17":"product-type-simple"},"_links":{"self":[{"href":"https:\/\/hexexist.com\/tr\/wp-json\/wp\/v2\/product\/13882","targetHints":{"allow":["GET"]}}],"collection":[{"href":"https:\/\/hexexist.com\/tr\/wp-json\/wp\/v2\/product"}],"about":[{"href":"https:\/\/hexexist.com\/tr\/wp-json\/wp\/v2\/types\/product"}],"replies":[{"embeddable":true,"href":"https:\/\/hexexist.com\/tr\/wp-json\/wp\/v2\/comments?post=13882"}],"wp:featuredmedia":[{"embeddable":true,"href":"https:\/\/hexexist.com\/tr\/wp-json\/wp\/v2\/media\/13295"}],"wp:attachment":[{"href":"https:\/\/hexexist.com\/tr\/wp-json\/wp\/v2\/media?parent=13882"}],"wp:term":[{"taxonomy":"product_brand","embeddable":true,"href":"https:\/\/hexexist.com\/tr\/wp-json\/wp\/v2\/product_brand?post=13882"},{"taxonomy":"product_cat","embeddable":true,"href":"https:\/\/hexexist.com\/tr\/wp-json\/wp\/v2\/product_cat?post=13882"},{"taxonomy":"product_tag","embeddable":true,"href":"https:\/\/hexexist.com\/tr\/wp-json\/wp\/v2\/product_tag?post=13882"}],"curies":[{"name":"wp","href":"https:\/\/api.w.org\/{rel}","templated":true}]}}