{"id":13883,"date":"2025-10-09T09:50:41","date_gmt":"2025-10-09T09:50:41","guid":{"rendered":"http:\/\/hexexist.com\/product\/gelismis-ice-aktarma-wordpress-icin-tek-tikla-demo-ice-aktarma\/"},"modified":"2025-10-09T09:50:41","modified_gmt":"2025-10-09T09:50:41","slug":"gelismis-ice-aktarma-wordpress-icin-tek-tikla-demo-ice-aktarma","status":"publish","type":"product","link":"https:\/\/hexexist.com\/tr\/urun\/gelismis-ice-aktarma-wordpress-icin-tek-tikla-demo-ice-aktarma\/","title":{"rendered":"Geli\u015fmi\u015f \u0130\u00e7e Aktarma: WordPress i\u00e7in Tek T\u0131kla Demo \u0130\u00e7e Aktarma"},"content":{"rendered":"<p>Geli\u015fmi\u015f D\u0131\u015fa Aktarma ile d\u0131\u015fa aktar\u0131lan Verileri veya Demo \u0130\u00e7eri\u011fini \u0130\u00e7e Aktarma<\/p>\n","protected":false},"excerpt":{"rendered":"<p>Geli\u015fmi\u015f D\u0131\u015fa Aktarma ile d\u0131\u015fa aktar\u0131lan Verileri veya Demo \u0130\u00e7eri\u011fini \u0130\u00e7e Aktarma<\/p>\n","protected":false},"featured_media":13285,"comment_status":"open","ping_status":"closed","template":"","meta":[],"product_brand":[],"product_cat":[1413],"product_tag":[1960,1962,1959,1963,1964],"class_list":{"0":"post-13883","1":"product","2":"type-product","3":"status-publish","4":"has-post-thumbnail","6":"product_cat-eklentiler","7":"product_tag-demo-ithalati","8":"product_tag-gutenberg-ice-aktarma","9":"product_tag-ozellestirici-ice-aktarma","10":"product_tag-tema-ice-aktarma","11":"product_tag-widget-ice-aktarma","13":"first","14":"instock","15":"downloadable","16":"virtual","17":"product-type-simple"},"_links":{"self":[{"href":"https:\/\/hexexist.com\/tr\/wp-json\/wp\/v2\/product\/13883","targetHints":{"allow":["GET"]}}],"collection":[{"href":"https:\/\/hexexist.com\/tr\/wp-json\/wp\/v2\/product"}],"about":[{"href":"https:\/\/hexexist.com\/tr\/wp-json\/wp\/v2\/types\/product"}],"replies":[{"embeddable":true,"href":"https:\/\/hexexist.com\/tr\/wp-json\/wp\/v2\/comments?post=13883"}],"wp:featuredmedia":[{"embeddable":true,"href":"https:\/\/hexexist.com\/tr\/wp-json\/wp\/v2\/media\/13285"}],"wp:attachment":[{"href":"https:\/\/hexexist.com\/tr\/wp-json\/wp\/v2\/media?parent=13883"}],"wp:term":[{"taxonomy":"product_brand","embeddable":true,"href":"https:\/\/hexexist.com\/tr\/wp-json\/wp\/v2\/product_brand?post=13883"},{"taxonomy":"product_cat","embeddable":true,"href":"https:\/\/hexexist.com\/tr\/wp-json\/wp\/v2\/product_cat?post=13883"},{"taxonomy":"product_tag","embeddable":true,"href":"https:\/\/hexexist.com\/tr\/wp-json\/wp\/v2\/product_tag?post=13883"}],"curies":[{"name":"wp","href":"https:\/\/api.w.org\/{rel}","templated":true}]}}