{"id":13884,"date":"2025-10-09T09:50:42","date_gmt":"2025-10-09T09:50:42","guid":{"rendered":"http:\/\/hexexist.com\/product\/kalici-baglanti-yoneticisi-lite\/"},"modified":"2025-10-09T09:50:42","modified_gmt":"2025-10-09T09:50:42","slug":"kalici-baglanti-yoneticisi-lite","status":"publish","type":"product","link":"https:\/\/hexexist.com\/tr\/urun\/kalici-baglanti-yoneticisi-lite\/","title":{"rendered":"Kal\u0131c\u0131 Ba\u011flant\u0131 Y\u00f6neticisi Lite"},"content":{"rendered":"<p>Permalink Manager, kullan\u0131c\u0131lar\u0131n yaz\u0131lar, sayfalar ve \u00f6zel yaz\u0131 t\u00fcrleri i\u00e7in URL&#8217;leri ayarlamas\u0131na olanak tan\u0131yan bir kal\u0131c\u0131 ba\u011flant\u0131 eklentisidir (kategoriler, etiketler ve \u00f6zel taksonomiler Pro s\u00fcr\u00fcmde desteklenir).<\/p>\n","protected":false},"excerpt":{"rendered":"<p>Permalink Manager, kullan\u0131c\u0131lar\u0131n yaz\u0131lar, sayfalar ve \u00f6zel yaz\u0131 t\u00fcrleri i\u00e7in URL&#8217;leri ayarlamas\u0131na olanak tan\u0131yan bir kal\u0131c\u0131 ba\u011flant\u0131 eklentisidir (kategoriler, etiketler ve \u00f6zel taksonomiler Pro s\u00fcr\u00fcmde desteklenir).<\/p>\n","protected":false},"featured_media":13294,"comment_status":"open","ping_status":"closed","template":"","meta":[],"product_brand":[],"product_cat":[1413],"product_tag":[1967,1965,1966,1968,1969],"class_list":{"0":"post-13884","1":"product","2":"type-product","3":"status-publish","4":"has-post-thumbnail","6":"product_cat-eklentiler","7":"product_tag-ozel-kalici-baglantilar","8":"product_tag-permalink-tr","9":"product_tag-permalinks-tr","10":"product_tag-url-duzenleyici","11":"product_tag-woocommerce-kalici-baglantilar","13":"first","14":"instock","15":"downloadable","16":"virtual","17":"product-type-simple"},"_links":{"self":[{"href":"https:\/\/hexexist.com\/tr\/wp-json\/wp\/v2\/product\/13884","targetHints":{"allow":["GET"]}}],"collection":[{"href":"https:\/\/hexexist.com\/tr\/wp-json\/wp\/v2\/product"}],"about":[{"href":"https:\/\/hexexist.com\/tr\/wp-json\/wp\/v2\/types\/product"}],"replies":[{"embeddable":true,"href":"https:\/\/hexexist.com\/tr\/wp-json\/wp\/v2\/comments?post=13884"}],"wp:featuredmedia":[{"embeddable":true,"href":"https:\/\/hexexist.com\/tr\/wp-json\/wp\/v2\/media\/13294"}],"wp:attachment":[{"href":"https:\/\/hexexist.com\/tr\/wp-json\/wp\/v2\/media?parent=13884"}],"wp:term":[{"taxonomy":"product_brand","embeddable":true,"href":"https:\/\/hexexist.com\/tr\/wp-json\/wp\/v2\/product_brand?post=13884"},{"taxonomy":"product_cat","embeddable":true,"href":"https:\/\/hexexist.com\/tr\/wp-json\/wp\/v2\/product_cat?post=13884"},{"taxonomy":"product_tag","embeddable":true,"href":"https:\/\/hexexist.com\/tr\/wp-json\/wp\/v2\/product_tag?post=13884"}],"curies":[{"name":"wp","href":"https:\/\/api.w.org\/{rel}","templated":true}]}}