{"id":13885,"date":"2025-10-09T09:50:41","date_gmt":"2025-10-09T09:50:41","guid":{"rendered":"http:\/\/hexexist.com\/product\/gelismis-ozel-alanlar-font-awesome-alani\/"},"modified":"2025-10-09T09:50:41","modified_gmt":"2025-10-09T09:50:41","slug":"gelismis-ozel-alanlar-font-awesome-alani","status":"publish","type":"product","link":"https:\/\/hexexist.com\/tr\/urun\/gelismis-ozel-alanlar-font-awesome-alani\/","title":{"rendered":"Geli\u015fmi\u015f \u00d6zel Alanlar: Font Awesome Alan\u0131"},"content":{"rendered":"<p>Geli\u015fmi\u015f \u00d6zel Alanlar&#8217;a Font Awesome simgesi alan t\u00fcr\u00fc ekleyin.<\/p>\n","protected":false},"excerpt":{"rendered":"<p>Geli\u015fmi\u015f \u00d6zel Alanlar&#8217;a Font Awesome simgesi alan t\u00fcr\u00fc ekleyin.<\/p>\n","protected":false},"featured_media":13284,"comment_status":"open","ping_status":"closed","template":"","meta":[],"product_brand":[],"product_cat":[1413],"product_tag":[1970,1973,1971,1972],"class_list":{"0":"post-13885","1":"product","2":"type-product","3":"status-publish","4":"has-post-thumbnail","6":"product_cat-eklentiler","7":"product_tag-acf-tr","8":"product_tag-font-awesome-tr","9":"product_tag-fontawesome-tr","10":"product_tag-gelismis-ozel-alanlar","12":"first","13":"instock","14":"downloadable","15":"virtual","16":"product-type-simple"},"_links":{"self":[{"href":"https:\/\/hexexist.com\/tr\/wp-json\/wp\/v2\/product\/13885","targetHints":{"allow":["GET"]}}],"collection":[{"href":"https:\/\/hexexist.com\/tr\/wp-json\/wp\/v2\/product"}],"about":[{"href":"https:\/\/hexexist.com\/tr\/wp-json\/wp\/v2\/types\/product"}],"replies":[{"embeddable":true,"href":"https:\/\/hexexist.com\/tr\/wp-json\/wp\/v2\/comments?post=13885"}],"wp:featuredmedia":[{"embeddable":true,"href":"https:\/\/hexexist.com\/tr\/wp-json\/wp\/v2\/media\/13284"}],"wp:attachment":[{"href":"https:\/\/hexexist.com\/tr\/wp-json\/wp\/v2\/media?parent=13885"}],"wp:term":[{"taxonomy":"product_brand","embeddable":true,"href":"https:\/\/hexexist.com\/tr\/wp-json\/wp\/v2\/product_brand?post=13885"},{"taxonomy":"product_cat","embeddable":true,"href":"https:\/\/hexexist.com\/tr\/wp-json\/wp\/v2\/product_cat?post=13885"},{"taxonomy":"product_tag","embeddable":true,"href":"https:\/\/hexexist.com\/tr\/wp-json\/wp\/v2\/product_tag?post=13885"}],"curies":[{"name":"wp","href":"https:\/\/api.w.org\/{rel}","templated":true}]}}