{"id":13887,"date":"2025-10-09T09:50:41","date_gmt":"2025-10-09T09:50:41","guid":{"rendered":"http:\/\/hexexist.com\/product\/elementor-eklenti-elemanlari\/"},"modified":"2025-10-09T09:50:41","modified_gmt":"2025-10-09T09:50:41","slug":"elementor-eklenti-elemanlari","status":"publish","type":"product","link":"https:\/\/hexexist.com\/tr\/urun\/elementor-eklenti-elemanlari\/","title":{"rendered":"Elementor Eklenti Elemanlar\u0131"},"content":{"rendered":"<p>\u00dccretsiz eklentimiz Elementor Addon Elements&#8217;i kullanarak Elementor Page Builder deneyiminizi g\u00fc\u00e7lendirin. Bu eklenti, Elementor tabanl\u0131 web sitenize daha fazla g\u00fc\u00e7 katacak 40&#8217;tan fazla widget ve uzant\u0131 ile birlikte gelir. Sadece birka\u00e7 t\u0131klama ile herhangi bir tasar\u0131m olu\u015fturman\u0131z\u0131 sa\u011flayacak kullan\u0131m\u0131 kolay bir aray\u00fcze sahiptir! WordPress web sitenizin eskisinden daha \u00e7ekici ve eri\u015filebilir g\u00f6r\u00fcnmesini sa\u011flamak i\u00e7in bu yarat\u0131c\u0131 \u00f6\u011feleri Elementor&#8217;a ekleyin. Elementor Widget&#8217;lar\u0131 ve Uzant\u0131lar\u0131 Demo Sayfalar\u0131na g\u00f6z at\u0131n    <\/p>\n","protected":false},"excerpt":{"rendered":"<p>\u00dccretsiz eklentimiz Elementor Addon Elements&#8217;i kullanarak Elementor Page Builder deneyiminizi g\u00fc\u00e7lendirin. Bu eklenti, Elementor tabanl\u0131 web sitenize daha fazla g\u00fc\u00e7 katacak 40&#8217;tan fazla widget ve uzant\u0131 ile birlikte gelir. Sadece birka\u00e7 t\u0131klama ile herhangi bir tasar\u0131m olu\u015fturman\u0131z\u0131 sa\u011flayacak kullan\u0131m\u0131 kolay bir aray\u00fcze sahiptir! WordPress web sitenizin eskisinden daha \u00e7ekici ve eri\u015filebilir g\u00f6r\u00fcnmesini sa\u011flamak i\u00e7in bu [&hellip;]<\/p>\n","protected":false},"featured_media":13283,"comment_status":"open","ping_status":"closed","template":"","meta":[],"product_brand":[],"product_cat":[1413],"product_tag":[1976,1977,1532,1744,1975],"class_list":{"0":"post-13887","1":"product","2":"type-product","3":"status-publish","4":"has-post-thumbnail","6":"product_cat-eklentiler","7":"product_tag-eklentiler","8":"product_tag-elemanlari","9":"product_tag-elementor-tr","10":"product_tag-elementor-eklentisi","11":"product_tag-elementor-widgeti","13":"first","14":"instock","15":"downloadable","16":"virtual","17":"product-type-simple"},"_links":{"self":[{"href":"https:\/\/hexexist.com\/tr\/wp-json\/wp\/v2\/product\/13887","targetHints":{"allow":["GET"]}}],"collection":[{"href":"https:\/\/hexexist.com\/tr\/wp-json\/wp\/v2\/product"}],"about":[{"href":"https:\/\/hexexist.com\/tr\/wp-json\/wp\/v2\/types\/product"}],"replies":[{"embeddable":true,"href":"https:\/\/hexexist.com\/tr\/wp-json\/wp\/v2\/comments?post=13887"}],"wp:featuredmedia":[{"embeddable":true,"href":"https:\/\/hexexist.com\/tr\/wp-json\/wp\/v2\/media\/13283"}],"wp:attachment":[{"href":"https:\/\/hexexist.com\/tr\/wp-json\/wp\/v2\/media?parent=13887"}],"wp:term":[{"taxonomy":"product_brand","embeddable":true,"href":"https:\/\/hexexist.com\/tr\/wp-json\/wp\/v2\/product_brand?post=13887"},{"taxonomy":"product_cat","embeddable":true,"href":"https:\/\/hexexist.com\/tr\/wp-json\/wp\/v2\/product_cat?post=13887"},{"taxonomy":"product_tag","embeddable":true,"href":"https:\/\/hexexist.com\/tr\/wp-json\/wp\/v2\/product_tag?post=13887"}],"curies":[{"name":"wp","href":"https:\/\/api.w.org\/{rel}","templated":true}]}}