{"id":13888,"date":"2025-10-09T09:50:42","date_gmt":"2025-10-09T09:50:42","guid":{"rendered":"http:\/\/hexexist.com\/product\/mainwp-cocuk-raporlari\/"},"modified":"2025-10-09T09:50:42","modified_gmt":"2025-10-09T09:50:42","slug":"mainwp-cocuk-raporlari","status":"publish","type":"product","link":"https:\/\/hexexist.com\/tr\/urun\/mainwp-cocuk-raporlari\/","title":{"rendered":"MainWP \u00c7ocuk Raporlar\u0131"},"content":{"rendered":"<p>Not: Bu eklentinin etkinle\u015ftirilmesi i\u00e7in PHP 7.4 veya \u00fcst\u00fc gerekir ve yaln\u0131zca MainWP ve MainWP Pro Reports Extension kullan\u0131yorsan\u0131z kullan\u0131\u015fl\u0131d\u0131r.<\/p>\n","protected":false},"excerpt":{"rendered":"<p>Not: Bu eklentinin etkinle\u015ftirilmesi i\u00e7in PHP 7.4 veya \u00fcst\u00fc gerekir ve yaln\u0131zca MainWP ve MainWP Pro Reports Extension kullan\u0131yorsan\u0131z kullan\u0131\u015fl\u0131d\u0131r.<\/p>\n","protected":false},"featured_media":13292,"comment_status":"open","ping_status":"closed","template":"","meta":[],"product_brand":[],"product_cat":[1413],"product_tag":[1978,1979],"class_list":{"0":"post-13888","1":"product","2":"type-product","3":"status-publish","4":"has-post-thumbnail","6":"product_cat-eklentiler","7":"product_tag-mainwp-tr","8":"product_tag-mainwp-cocuk","10":"first","11":"instock","12":"downloadable","13":"virtual","14":"product-type-simple"},"_links":{"self":[{"href":"https:\/\/hexexist.com\/tr\/wp-json\/wp\/v2\/product\/13888","targetHints":{"allow":["GET"]}}],"collection":[{"href":"https:\/\/hexexist.com\/tr\/wp-json\/wp\/v2\/product"}],"about":[{"href":"https:\/\/hexexist.com\/tr\/wp-json\/wp\/v2\/types\/product"}],"replies":[{"embeddable":true,"href":"https:\/\/hexexist.com\/tr\/wp-json\/wp\/v2\/comments?post=13888"}],"wp:featuredmedia":[{"embeddable":true,"href":"https:\/\/hexexist.com\/tr\/wp-json\/wp\/v2\/media\/13292"}],"wp:attachment":[{"href":"https:\/\/hexexist.com\/tr\/wp-json\/wp\/v2\/media?parent=13888"}],"wp:term":[{"taxonomy":"product_brand","embeddable":true,"href":"https:\/\/hexexist.com\/tr\/wp-json\/wp\/v2\/product_brand?post=13888"},{"taxonomy":"product_cat","embeddable":true,"href":"https:\/\/hexexist.com\/tr\/wp-json\/wp\/v2\/product_cat?post=13888"},{"taxonomy":"product_tag","embeddable":true,"href":"https:\/\/hexexist.com\/tr\/wp-json\/wp\/v2\/product_tag?post=13888"}],"curies":[{"name":"wp","href":"https:\/\/api.w.org\/{rel}","templated":true}]}}