{"id":13889,"date":"2025-10-09T09:50:41","date_gmt":"2025-10-09T09:50:41","guid":{"rendered":"http:\/\/hexexist.com\/product\/google-analytics-icin-sharethis-gosterge-tablosu\/"},"modified":"2025-10-09T09:50:41","modified_gmt":"2025-10-09T09:50:41","slug":"google-analytics-icin-sharethis-gosterge-tablosu","status":"publish","type":"product","link":"https:\/\/hexexist.com\/tr\/urun\/google-analytics-icin-sharethis-gosterge-tablosu\/","title":{"rendered":"Google Analytics i\u00e7in ShareThis G\u00f6sterge Tablosu"},"content":{"rendered":"<p>Google Analytics eklentimiz ile sitenizin ziyaret\u00e7i etkile\u015fimini do\u011frudan WordPress panonuzdan izleyin, analiz edin ve \u00f6l\u00e7\u00fcn. Google Analytics panomuzla, yaz\u0131lar\u0131n\u0131z\u0131 yazmak ve y\u00f6netmek i\u00e7in her g\u00fcn kulland\u0131\u011f\u0131n\u0131z ayn\u0131 aray\u00fczden Google Analytics raporlar\u0131na kolayca eri\u015febileceksiniz. <\/p>\n","protected":false},"excerpt":{"rendered":"<p>Google Analytics eklentimiz ile sitenizin ziyaret\u00e7i etkile\u015fimini do\u011frudan WordPress panonuzdan izleyin, analiz edin ve \u00f6l\u00e7\u00fcn. Google Analytics panomuzla, yaz\u0131lar\u0131n\u0131z\u0131 yazmak ve y\u00f6netmek i\u00e7in her g\u00fcn kulland\u0131\u011f\u0131n\u0131z ayn\u0131 aray\u00fczden Google Analytics raporlar\u0131na kolayca eri\u015febileceksiniz.<\/p>\n","protected":false},"featured_media":13289,"comment_status":"open","ping_status":"closed","template":"","meta":[],"product_brand":[],"product_cat":[1413],"product_tag":[1550,1980,1982,1981,1983],"class_list":{"0":"post-13889","1":"product","2":"type-product","3":"status-publish","4":"has-post-thumbnail","6":"product_cat-eklentiler","7":"product_tag-analitik","8":"product_tag-google-analitik","9":"product_tag-google-analytics-eklentisi","10":"product_tag-google-analytics-gosterge-tablosu","11":"product_tag-google-analytics-widgeti","13":"first","14":"instock","15":"downloadable","16":"virtual","17":"product-type-simple"},"_links":{"self":[{"href":"https:\/\/hexexist.com\/tr\/wp-json\/wp\/v2\/product\/13889","targetHints":{"allow":["GET"]}}],"collection":[{"href":"https:\/\/hexexist.com\/tr\/wp-json\/wp\/v2\/product"}],"about":[{"href":"https:\/\/hexexist.com\/tr\/wp-json\/wp\/v2\/types\/product"}],"replies":[{"embeddable":true,"href":"https:\/\/hexexist.com\/tr\/wp-json\/wp\/v2\/comments?post=13889"}],"wp:featuredmedia":[{"embeddable":true,"href":"https:\/\/hexexist.com\/tr\/wp-json\/wp\/v2\/media\/13289"}],"wp:attachment":[{"href":"https:\/\/hexexist.com\/tr\/wp-json\/wp\/v2\/media?parent=13889"}],"wp:term":[{"taxonomy":"product_brand","embeddable":true,"href":"https:\/\/hexexist.com\/tr\/wp-json\/wp\/v2\/product_brand?post=13889"},{"taxonomy":"product_cat","embeddable":true,"href":"https:\/\/hexexist.com\/tr\/wp-json\/wp\/v2\/product_cat?post=13889"},{"taxonomy":"product_tag","embeddable":true,"href":"https:\/\/hexexist.com\/tr\/wp-json\/wp\/v2\/product_tag?post=13889"}],"curies":[{"name":"wp","href":"https:\/\/api.w.org\/{rel}","templated":true}]}}