{"id":13890,"date":"2025-10-09T09:50:42","date_gmt":"2025-10-09T09:50:42","guid":{"rendered":"http:\/\/hexexist.com\/product\/wordpress-icin-gorunmez-recaptcha\/"},"modified":"2025-10-09T09:50:42","modified_gmt":"2025-10-09T09:50:42","slug":"wordpress-icin-gorunmez-recaptcha","status":"publish","type":"product","link":"https:\/\/hexexist.com\/tr\/urun\/wordpress-icin-gorunmez-recaptcha\/","title":{"rendered":"WordPress i\u00e7in G\u00f6r\u00fcnmez reCaptcha"},"content":{"rendered":"<p>WordPress i\u00e7in Invisible reCaptcha, Google&#8217;\u0131n yeni Invisible reCaptcha&#8217;s\u0131n\u0131 WordPress sitenize entegre eden son derece g\u00fc\u00e7l\u00fc bir eklentidir.<\/p>\n","protected":false},"excerpt":{"rendered":"<p>WordPress i\u00e7in Invisible reCaptcha, Google&#8217;\u0131n yeni Invisible reCaptcha&#8217;s\u0131n\u0131 WordPress sitenize entegre eden son derece g\u00fc\u00e7l\u00fc bir eklentidir.<\/p>\n","protected":false},"featured_media":13291,"comment_status":"open","ping_status":"closed","template":"","meta":[],"product_brand":[],"product_cat":[1413],"product_tag":[1985,1984],"class_list":{"0":"post-13890","1":"product","2":"type-product","3":"status-publish","4":"has-post-thumbnail","6":"product_cat-eklentiler","7":"product_tag-gorunmez-recaptcha","8":"product_tag-iletisim-formu-7-gorunmez-recaptcha","10":"first","11":"instock","12":"downloadable","13":"virtual","14":"product-type-simple"},"_links":{"self":[{"href":"https:\/\/hexexist.com\/tr\/wp-json\/wp\/v2\/product\/13890","targetHints":{"allow":["GET"]}}],"collection":[{"href":"https:\/\/hexexist.com\/tr\/wp-json\/wp\/v2\/product"}],"about":[{"href":"https:\/\/hexexist.com\/tr\/wp-json\/wp\/v2\/types\/product"}],"replies":[{"embeddable":true,"href":"https:\/\/hexexist.com\/tr\/wp-json\/wp\/v2\/comments?post=13890"}],"wp:featuredmedia":[{"embeddable":true,"href":"https:\/\/hexexist.com\/tr\/wp-json\/wp\/v2\/media\/13291"}],"wp:attachment":[{"href":"https:\/\/hexexist.com\/tr\/wp-json\/wp\/v2\/media?parent=13890"}],"wp:term":[{"taxonomy":"product_brand","embeddable":true,"href":"https:\/\/hexexist.com\/tr\/wp-json\/wp\/v2\/product_brand?post=13890"},{"taxonomy":"product_cat","embeddable":true,"href":"https:\/\/hexexist.com\/tr\/wp-json\/wp\/v2\/product_cat?post=13890"},{"taxonomy":"product_tag","embeddable":true,"href":"https:\/\/hexexist.com\/tr\/wp-json\/wp\/v2\/product_tag?post=13890"}],"curies":[{"name":"wp","href":"https:\/\/api.w.org\/{rel}","templated":true}]}}