{"id":13891,"date":"2025-10-09T09:50:41","date_gmt":"2025-10-09T09:50:41","guid":{"rendered":"http:\/\/hexexist.com\/product\/facebook-sohbet-eklentisi-wordpress-icin-canli-sohbet-eklentisi\/"},"modified":"2025-10-09T09:50:41","modified_gmt":"2025-10-09T09:50:41","slug":"facebook-sohbet-eklentisi-wordpress-icin-canli-sohbet-eklentisi","status":"publish","type":"product","link":"https:\/\/hexexist.com\/tr\/urun\/facebook-sohbet-eklentisi-wordpress-icin-canli-sohbet-eklentisi\/","title":{"rendered":"Facebook Sohbet Eklentisi WordPress i\u00e7in Canl\u0131 Sohbet Eklentisi"},"content":{"rendered":"<p>Messenger destekli sohbet ile web sitenizdeki m\u00fc\u015fterilerle ileti\u015fim kurun. Sohbet Eklentisi, Meta Business taraf\u0131ndan sa\u011flanan ve web sitenizde canl\u0131 sohbete olanak tan\u0131yan bir sohbet widget&#8217;\u0131d\u0131r. <\/p>\n","protected":false},"excerpt":{"rendered":"<p>Messenger destekli sohbet ile web sitenizdeki m\u00fc\u015fterilerle ileti\u015fim kurun. Sohbet Eklentisi, Meta Business taraf\u0131ndan sa\u011flanan ve web sitenizde canl\u0131 sohbete olanak tan\u0131yan bir sohbet widget&#8217;\u0131d\u0131r.<\/p>\n","protected":false},"featured_media":13288,"comment_status":"open","ping_status":"closed","template":"","meta":[],"product_brand":[],"product_cat":[1413],"product_tag":[1986,1989,1988,1987,1475],"class_list":{"0":"post-13891","1":"product","2":"type-product","3":"status-publish","4":"has-post-thumbnail","6":"product_cat-eklentiler","7":"product_tag-facebook-tr","8":"product_tag-haberci","9":"product_tag-mesajlasma","10":"product_tag-musteri-hizmetleri","11":"product_tag-sohbet","13":"first","14":"instock","15":"downloadable","16":"virtual","17":"product-type-simple"},"_links":{"self":[{"href":"https:\/\/hexexist.com\/tr\/wp-json\/wp\/v2\/product\/13891","targetHints":{"allow":["GET"]}}],"collection":[{"href":"https:\/\/hexexist.com\/tr\/wp-json\/wp\/v2\/product"}],"about":[{"href":"https:\/\/hexexist.com\/tr\/wp-json\/wp\/v2\/types\/product"}],"replies":[{"embeddable":true,"href":"https:\/\/hexexist.com\/tr\/wp-json\/wp\/v2\/comments?post=13891"}],"wp:featuredmedia":[{"embeddable":true,"href":"https:\/\/hexexist.com\/tr\/wp-json\/wp\/v2\/media\/13288"}],"wp:attachment":[{"href":"https:\/\/hexexist.com\/tr\/wp-json\/wp\/v2\/media?parent=13891"}],"wp:term":[{"taxonomy":"product_brand","embeddable":true,"href":"https:\/\/hexexist.com\/tr\/wp-json\/wp\/v2\/product_brand?post=13891"},{"taxonomy":"product_cat","embeddable":true,"href":"https:\/\/hexexist.com\/tr\/wp-json\/wp\/v2\/product_cat?post=13891"},{"taxonomy":"product_tag","embeddable":true,"href":"https:\/\/hexexist.com\/tr\/wp-json\/wp\/v2\/product_tag?post=13891"}],"curies":[{"name":"wp","href":"https:\/\/api.w.org\/{rel}","templated":true}]}}