{"id":13892,"date":"2025-10-09T09:50:43","date_gmt":"2025-10-09T09:50:43","guid":{"rendered":"http:\/\/hexexist.com\/product\/izleme-kodu-yoneticisi\/"},"modified":"2025-10-09T09:50:43","modified_gmt":"2025-10-09T09:50:43","slug":"izleme-kodu-yoneticisi","status":"publish","type":"product","link":"https:\/\/hexexist.com\/tr\/urun\/izleme-kodu-yoneticisi\/","title":{"rendered":"\u0130zleme Kodu Y\u00f6neticisi"},"content":{"rendered":"<p>\u0130zleme Kodu y\u00f6neticisi, T\u00dcM \u00fc\u00e7\u00fcnc\u00fc taraf izleme kodlar\u0131n\u0131 ve komut dosyalar\u0131n\u0131 tek bir aray\u00fczde y\u00f6netmenizi sa\u011flayan bir eklentidir.<\/p>\n","protected":false},"excerpt":{"rendered":"<p>\u0130zleme Kodu y\u00f6neticisi, T\u00dcM \u00fc\u00e7\u00fcnc\u00fc taraf izleme kodlar\u0131n\u0131 ve komut dosyalar\u0131n\u0131 tek bir aray\u00fczde y\u00f6netmenizi sa\u011flayan bir eklentidir.<\/p>\n","protected":false},"featured_media":13298,"comment_status":"open","ping_status":"closed","template":"","meta":[],"product_brand":[],"product_cat":[1413],"product_tag":[1990],"class_list":{"0":"post-13892","1":"product","2":"type-product","3":"status-publish","4":"has-post-thumbnail","6":"product_cat-eklentiler","7":"product_tag-yonetmek","9":"first","10":"instock","11":"downloadable","12":"virtual","13":"product-type-simple"},"_links":{"self":[{"href":"https:\/\/hexexist.com\/tr\/wp-json\/wp\/v2\/product\/13892","targetHints":{"allow":["GET"]}}],"collection":[{"href":"https:\/\/hexexist.com\/tr\/wp-json\/wp\/v2\/product"}],"about":[{"href":"https:\/\/hexexist.com\/tr\/wp-json\/wp\/v2\/types\/product"}],"replies":[{"embeddable":true,"href":"https:\/\/hexexist.com\/tr\/wp-json\/wp\/v2\/comments?post=13892"}],"wp:featuredmedia":[{"embeddable":true,"href":"https:\/\/hexexist.com\/tr\/wp-json\/wp\/v2\/media\/13298"}],"wp:attachment":[{"href":"https:\/\/hexexist.com\/tr\/wp-json\/wp\/v2\/media?parent=13892"}],"wp:term":[{"taxonomy":"product_brand","embeddable":true,"href":"https:\/\/hexexist.com\/tr\/wp-json\/wp\/v2\/product_brand?post=13892"},{"taxonomy":"product_cat","embeddable":true,"href":"https:\/\/hexexist.com\/tr\/wp-json\/wp\/v2\/product_cat?post=13892"},{"taxonomy":"product_tag","embeddable":true,"href":"https:\/\/hexexist.com\/tr\/wp-json\/wp\/v2\/product_tag?post=13892"}],"curies":[{"name":"wp","href":"https:\/\/api.w.org\/{rel}","templated":true}]}}