{"id":13893,"date":"2025-10-09T09:50:42","date_gmt":"2025-10-09T09:50:42","guid":{"rendered":"http:\/\/hexexist.com\/product\/yercekimi-formlari-sifir-spam\/"},"modified":"2025-10-09T09:50:42","modified_gmt":"2025-10-09T09:50:42","slug":"yercekimi-formlari-sifir-spam","status":"publish","type":"product","link":"https:\/\/hexexist.com\/tr\/urun\/yercekimi-formlari-sifir-spam\/","title":{"rendered":"Yer\u00e7ekimi Formlar\u0131 S\u0131f\u0131r Spam"},"content":{"rendered":"<p>Bu Gravity Forms eklentisi, g\u00f6ze batmayan bir anti-spam \u00f6nlemi kullanarak spam&#8217;i engeller ve bir spam raporu \u00f6zetini e-postayla g\u00f6nderebilir.<\/p>\n","protected":false},"excerpt":{"rendered":"<p>Bu Gravity Forms eklentisi, g\u00f6ze batmayan bir anti-spam \u00f6nlemi kullanarak spam&#8217;i engeller ve bir spam raporu \u00f6zetini e-postayla g\u00f6nderebilir.<\/p>\n","protected":false},"featured_media":13290,"comment_status":"open","ping_status":"closed","template":"","meta":[],"product_brand":[],"product_cat":[1413],"product_tag":[1424,1991,1545,1541,1992],"class_list":{"0":"post-13893","1":"product","2":"type-product","3":"status-publish","4":"has-post-thumbnail","6":"product_cat-eklentiler","7":"product_tag-anti-spam-tr","8":"product_tag-bal-kupu","9":"product_tag-captcha-tr","10":"product_tag-spam-tr","11":"product_tag-yercekimi-formlari","13":"first","14":"instock","15":"downloadable","16":"virtual","17":"product-type-simple"},"_links":{"self":[{"href":"https:\/\/hexexist.com\/tr\/wp-json\/wp\/v2\/product\/13893","targetHints":{"allow":["GET"]}}],"collection":[{"href":"https:\/\/hexexist.com\/tr\/wp-json\/wp\/v2\/product"}],"about":[{"href":"https:\/\/hexexist.com\/tr\/wp-json\/wp\/v2\/types\/product"}],"replies":[{"embeddable":true,"href":"https:\/\/hexexist.com\/tr\/wp-json\/wp\/v2\/comments?post=13893"}],"wp:featuredmedia":[{"embeddable":true,"href":"https:\/\/hexexist.com\/tr\/wp-json\/wp\/v2\/media\/13290"}],"wp:attachment":[{"href":"https:\/\/hexexist.com\/tr\/wp-json\/wp\/v2\/media?parent=13893"}],"wp:term":[{"taxonomy":"product_brand","embeddable":true,"href":"https:\/\/hexexist.com\/tr\/wp-json\/wp\/v2\/product_brand?post=13893"},{"taxonomy":"product_cat","embeddable":true,"href":"https:\/\/hexexist.com\/tr\/wp-json\/wp\/v2\/product_cat?post=13893"},{"taxonomy":"product_tag","embeddable":true,"href":"https:\/\/hexexist.com\/tr\/wp-json\/wp\/v2\/product_tag?post=13893"}],"curies":[{"name":"wp","href":"https:\/\/api.w.org\/{rel}","templated":true}]}}