{"id":13894,"date":"2025-10-09T09:50:43","date_gmt":"2025-10-09T09:50:43","guid":{"rendered":"http:\/\/hexexist.com\/product\/10web-booster-web-sitesi-hiz-optimizasyonu-onbellek-ve-sayfa-hizi-iyilestirici\/"},"modified":"2025-10-09T09:50:43","modified_gmt":"2025-10-09T09:50:43","slug":"10web-booster-web-sitesi-hiz-optimizasyonu-onbellek-ve-sayfa-hizi-iyilestirici","status":"publish","type":"product","link":"https:\/\/hexexist.com\/tr\/urun\/10web-booster-web-sitesi-hiz-optimizasyonu-onbellek-ve-sayfa-hizi-iyilestirici\/","title":{"rendered":"10Web Booster Web sitesi h\u0131z optimizasyonu, \u00d6nbellek ve Sayfa H\u0131z\u0131 iyile\u015ftirici"},"content":{"rendered":"<p>10Web Booster, herhangi bir web sitesinin genel performans\u0131n\u0131 iyile\u015ftirmek i\u00e7in h\u0131z optimizasyon eklentisidir. 10Web Booster, WordPress performans optimizasyonunuza konsantre olmam\u0131za izin vererek WordPress web sitenizin yarat\u0131c\u0131 y\u00f6nlerine odaklanman\u0131z\u0131 ve geli\u015fmenizi istiyor.<\/p>\n","protected":false},"excerpt":{"rendered":"<p>10Web Booster, herhangi bir web sitesinin genel performans\u0131n\u0131 iyile\u015ftirmek i\u00e7in h\u0131z optimizasyon eklentisidir. 10Web Booster, WordPress performans optimizasyonunuza konsantre olmam\u0131za izin vererek WordPress web sitenizin yarat\u0131c\u0131 y\u00f6nlerine odaklanman\u0131z\u0131 ve geli\u015fmenizi istiyor.<\/p>\n","protected":false},"featured_media":13297,"comment_status":"open","ping_status":"closed","template":"","meta":[],"product_brand":[],"product_cat":[1413],"product_tag":[1628,1627,1626,1469,1471],"class_list":{"0":"post-13894","1":"product","2":"type-product","3":"status-publish","4":"has-post-thumbnail","6":"product_cat-eklentiler","7":"product_tag-hiz","8":"product_tag-onbellek","9":"product_tag-optimize-edin","10":"product_tag-performans","11":"product_tag-sayfa-hizi","13":"first","14":"instock","15":"downloadable","16":"virtual","17":"product-type-simple"},"_links":{"self":[{"href":"https:\/\/hexexist.com\/tr\/wp-json\/wp\/v2\/product\/13894","targetHints":{"allow":["GET"]}}],"collection":[{"href":"https:\/\/hexexist.com\/tr\/wp-json\/wp\/v2\/product"}],"about":[{"href":"https:\/\/hexexist.com\/tr\/wp-json\/wp\/v2\/types\/product"}],"replies":[{"embeddable":true,"href":"https:\/\/hexexist.com\/tr\/wp-json\/wp\/v2\/comments?post=13894"}],"wp:featuredmedia":[{"embeddable":true,"href":"https:\/\/hexexist.com\/tr\/wp-json\/wp\/v2\/media\/13297"}],"wp:attachment":[{"href":"https:\/\/hexexist.com\/tr\/wp-json\/wp\/v2\/media?parent=13894"}],"wp:term":[{"taxonomy":"product_brand","embeddable":true,"href":"https:\/\/hexexist.com\/tr\/wp-json\/wp\/v2\/product_brand?post=13894"},{"taxonomy":"product_cat","embeddable":true,"href":"https:\/\/hexexist.com\/tr\/wp-json\/wp\/v2\/product_cat?post=13894"},{"taxonomy":"product_tag","embeddable":true,"href":"https:\/\/hexexist.com\/tr\/wp-json\/wp\/v2\/product_tag?post=13894"}],"curies":[{"name":"wp","href":"https:\/\/api.w.org\/{rel}","templated":true}]}}