{"id":13895,"date":"2025-10-09T09:50:43","date_gmt":"2025-10-09T09:50:43","guid":{"rendered":"http:\/\/hexexist.com\/product\/gelismis-ozel-alanlar-genisletilmis\/"},"modified":"2025-10-09T09:50:43","modified_gmt":"2025-10-09T09:50:43","slug":"gelismis-ozel-alanlar-genisletilmis","status":"publish","type":"product","link":"https:\/\/hexexist.com\/tr\/urun\/gelismis-ozel-alanlar-genisletilmis\/","title":{"rendered":"Geli\u015fmi\u015f \u00d6zel Alanlar: Geni\u015fletilmi\u015f"},"content":{"rendered":"<p>\ud83d\ude80 WordPress ve Geli\u015fmi\u015f \u00d6zel Alanlar\u0131 geli\u015ftiren hepsi bir arada geli\u015ftirme paketi. Bu eklenti, \u00e7ok \u00e7e\u015fitli iyile\u015ftirmeler ve optimizasyonlarla g\u00fc\u00e7l\u00fc bir y\u00f6netim \u00e7er\u00e7evesi sa\u011flamay\u0131 ama\u00e7lamaktad\u0131r. <\/p>\n","protected":false},"excerpt":{"rendered":"<p>\ud83d\ude80 WordPress ve Geli\u015fmi\u015f \u00d6zel Alanlar\u0131 geli\u015ftiren hepsi bir arada geli\u015ftirme paketi. Bu eklenti, \u00e7ok \u00e7e\u015fitli iyile\u015ftirmeler ve optimizasyonlarla g\u00fc\u00e7l\u00fc bir y\u00f6netim \u00e7er\u00e7evesi sa\u011flamay\u0131 ama\u00e7lamaktad\u0131r.<\/p>\n","protected":false},"featured_media":12848,"comment_status":"open","ping_status":"closed","template":"","meta":[],"product_brand":[],"product_cat":[1413],"product_tag":[1970,1993,1585,1727,1444],"class_list":{"0":"post-13895","1":"product","2":"type-product","3":"status-publish","4":"has-post-thumbnail","6":"product_cat-eklentiler","7":"product_tag-acf-tr","8":"product_tag-alanlar","9":"product_tag-meta-tr","10":"product_tag-ozel-alanlar","11":"product_tag-yonetici","13":"first","14":"instock","15":"downloadable","16":"virtual","17":"product-type-simple"},"_links":{"self":[{"href":"https:\/\/hexexist.com\/tr\/wp-json\/wp\/v2\/product\/13895","targetHints":{"allow":["GET"]}}],"collection":[{"href":"https:\/\/hexexist.com\/tr\/wp-json\/wp\/v2\/product"}],"about":[{"href":"https:\/\/hexexist.com\/tr\/wp-json\/wp\/v2\/types\/product"}],"replies":[{"embeddable":true,"href":"https:\/\/hexexist.com\/tr\/wp-json\/wp\/v2\/comments?post=13895"}],"wp:featuredmedia":[{"embeddable":true,"href":"https:\/\/hexexist.com\/tr\/wp-json\/wp\/v2\/media\/12848"}],"wp:attachment":[{"href":"https:\/\/hexexist.com\/tr\/wp-json\/wp\/v2\/media?parent=13895"}],"wp:term":[{"taxonomy":"product_brand","embeddable":true,"href":"https:\/\/hexexist.com\/tr\/wp-json\/wp\/v2\/product_brand?post=13895"},{"taxonomy":"product_cat","embeddable":true,"href":"https:\/\/hexexist.com\/tr\/wp-json\/wp\/v2\/product_cat?post=13895"},{"taxonomy":"product_tag","embeddable":true,"href":"https:\/\/hexexist.com\/tr\/wp-json\/wp\/v2\/product_tag?post=13895"}],"curies":[{"name":"wp","href":"https:\/\/api.w.org\/{rel}","templated":true}]}}