{"id":13896,"date":"2025-10-09T09:50:43","date_gmt":"2025-10-09T09:50:43","guid":{"rendered":"http:\/\/hexexist.com\/product\/sifresiz-gecici-giris\/"},"modified":"2025-10-09T09:50:43","modified_gmt":"2025-10-09T09:50:43","slug":"sifresiz-gecici-giris","status":"publish","type":"product","link":"https:\/\/hexexist.com\/tr\/urun\/sifresiz-gecici-giris\/","title":{"rendered":"\u015eifresiz Ge\u00e7ici Giri\u015f"},"content":{"rendered":"<p>WordPress i\u00e7in g\u00fcvenli, kendi kendine sona eren \u23f1\ufe0f, otomatik giri\u015f ba\u011flant\u0131lar\u0131 \ud83d\udd17 olu\u015fturun. Sitenize y\u00f6netici eri\u015fimi istediklerinde bunlar\u0131 geli\u015ftiricilere verin. Ya da yap\u0131lan i\u015fin h\u0131zl\u0131 bir incelemesi i\u00e7in bir edit\u00f6re. Giri\u015f sadece ba\u011flant\u0131y\u0131 a\u00e7arak \u00e7al\u0131\u015f\u0131r, \u015fifre gerekmez.   <\/p>\n","protected":false},"excerpt":{"rendered":"<p>WordPress i\u00e7in g\u00fcvenli, kendi kendine sona eren \u23f1\ufe0f, otomatik giri\u015f ba\u011flant\u0131lar\u0131 \ud83d\udd17 olu\u015fturun. Sitenize y\u00f6netici eri\u015fimi istediklerinde bunlar\u0131 geli\u015ftiricilere verin. Ya da yap\u0131lan i\u015fin h\u0131zl\u0131 bir incelemesi i\u00e7in bir edit\u00f6re. Giri\u015f sadece ba\u011flant\u0131y\u0131 a\u00e7arak \u00e7al\u0131\u015f\u0131r, \u015fifre gerekmez.<\/p>\n","protected":false},"featured_media":13296,"comment_status":"open","ping_status":"closed","template":"","meta":[],"product_brand":[],"product_cat":[1413],"product_tag":[1996,1995,1994],"class_list":{"0":"post-13896","1":"product","2":"type-product","3":"status-publish","4":"has-post-thumbnail","6":"product_cat-eklentiler","7":"product_tag-gecici-erisim","8":"product_tag-guvenli-giris","9":"product_tag-sifresiz-giris","11":"first","12":"instock","13":"downloadable","14":"virtual","15":"product-type-simple"},"_links":{"self":[{"href":"https:\/\/hexexist.com\/tr\/wp-json\/wp\/v2\/product\/13896","targetHints":{"allow":["GET"]}}],"collection":[{"href":"https:\/\/hexexist.com\/tr\/wp-json\/wp\/v2\/product"}],"about":[{"href":"https:\/\/hexexist.com\/tr\/wp-json\/wp\/v2\/types\/product"}],"replies":[{"embeddable":true,"href":"https:\/\/hexexist.com\/tr\/wp-json\/wp\/v2\/comments?post=13896"}],"wp:featuredmedia":[{"embeddable":true,"href":"https:\/\/hexexist.com\/tr\/wp-json\/wp\/v2\/media\/13296"}],"wp:attachment":[{"href":"https:\/\/hexexist.com\/tr\/wp-json\/wp\/v2\/media?parent=13896"}],"wp:term":[{"taxonomy":"product_brand","embeddable":true,"href":"https:\/\/hexexist.com\/tr\/wp-json\/wp\/v2\/product_brand?post=13896"},{"taxonomy":"product_cat","embeddable":true,"href":"https:\/\/hexexist.com\/tr\/wp-json\/wp\/v2\/product_cat?post=13896"},{"taxonomy":"product_tag","embeddable":true,"href":"https:\/\/hexexist.com\/tr\/wp-json\/wp\/v2\/product_tag?post=13896"}],"curies":[{"name":"wp","href":"https:\/\/api.w.org\/{rel}","templated":true}]}}