{"id":13897,"date":"2025-10-09T09:50:43","date_gmt":"2025-10-09T09:50:43","guid":{"rendered":"http:\/\/hexexist.com\/product\/maxuploader-medya-yukleme-dosya-boyutunu-artir-yurutme-suresini-artir\/"},"modified":"2025-10-09T09:50:43","modified_gmt":"2025-10-09T09:50:43","slug":"maxuploader-medya-yukleme-dosya-boyutunu-artir-yurutme-suresini-artir","status":"publish","type":"product","link":"https:\/\/hexexist.com\/tr\/urun\/maxuploader-medya-yukleme-dosya-boyutunu-artir-yurutme-suresini-artir\/","title":{"rendered":"MaxUploader Medya Y\u00fckleme Dosya Boyutunu Art\u0131r | Y\u00fcr\u00fctme S\u00fcresini Art\u0131r"},"content":{"rendered":"<p>Eklenti, WordPress ve sunucu \/ bar\u0131nd\u0131rma sa\u011flay\u0131c\u0131s\u0131 taraf\u0131ndan belirlenen y\u00fckleme s\u0131n\u0131rlar\u0131n\u0131 otomatik olarak alg\u0131lar ve bunlar\u0131 g\u00f6r\u00fcnt\u00fcler.<\/p>\n","protected":false},"excerpt":{"rendered":"<p>Eklenti, WordPress ve sunucu \/ bar\u0131nd\u0131rma sa\u011flay\u0131c\u0131s\u0131 taraf\u0131ndan belirlenen y\u00fckleme s\u0131n\u0131rlar\u0131n\u0131 otomatik olarak alg\u0131lar ve bunlar\u0131 g\u00f6r\u00fcnt\u00fcler.<\/p>\n","protected":false},"featured_media":13301,"comment_status":"open","ping_status":"closed","template":"","meta":[],"product_brand":[],"product_cat":[1413],"product_tag":[1828,1825],"class_list":{"0":"post-13897","1":"product","2":"type-product","3":"status-publish","4":"has-post-thumbnail","6":"product_cat-eklentiler","7":"product_tag-yukleme-siniri","8":"product_tag-yukleme-sinirini-artirin","10":"first","11":"instock","12":"downloadable","13":"virtual","14":"product-type-simple"},"_links":{"self":[{"href":"https:\/\/hexexist.com\/tr\/wp-json\/wp\/v2\/product\/13897","targetHints":{"allow":["GET"]}}],"collection":[{"href":"https:\/\/hexexist.com\/tr\/wp-json\/wp\/v2\/product"}],"about":[{"href":"https:\/\/hexexist.com\/tr\/wp-json\/wp\/v2\/types\/product"}],"replies":[{"embeddable":true,"href":"https:\/\/hexexist.com\/tr\/wp-json\/wp\/v2\/comments?post=13897"}],"wp:featuredmedia":[{"embeddable":true,"href":"https:\/\/hexexist.com\/tr\/wp-json\/wp\/v2\/media\/13301"}],"wp:attachment":[{"href":"https:\/\/hexexist.com\/tr\/wp-json\/wp\/v2\/media?parent=13897"}],"wp:term":[{"taxonomy":"product_brand","embeddable":true,"href":"https:\/\/hexexist.com\/tr\/wp-json\/wp\/v2\/product_brand?post=13897"},{"taxonomy":"product_cat","embeddable":true,"href":"https:\/\/hexexist.com\/tr\/wp-json\/wp\/v2\/product_cat?post=13897"},{"taxonomy":"product_tag","embeddable":true,"href":"https:\/\/hexexist.com\/tr\/wp-json\/wp\/v2\/product_tag?post=13897"}],"curies":[{"name":"wp","href":"https:\/\/api.w.org\/{rel}","templated":true}]}}