{"id":13898,"date":"2025-10-09T09:50:44","date_gmt":"2025-10-09T09:50:44","guid":{"rendered":"http:\/\/hexexist.com\/product\/colibri-sayfa-olusturucu\/"},"modified":"2025-10-09T09:50:44","modified_gmt":"2025-10-09T09:50:44","slug":"colibri-sayfa-olusturucu","status":"publish","type":"product","link":"https:\/\/hexexist.com\/tr\/urun\/colibri-sayfa-olusturucu\/","title":{"rendered":"Colibri Sayfa Olu\u015fturucu"},"content":{"rendered":"<p>Colibri Sayfa Olu\u015fturucu, ColibriWP temas\u0131na s\u00fcr\u00fckle ve b\u0131rak sayfa olu\u015fturucu i\u015flevi ekler.<\/p>\n","protected":false},"excerpt":{"rendered":"<p>Colibri Sayfa Olu\u015fturucu, ColibriWP temas\u0131na s\u00fcr\u00fckle ve b\u0131rak sayfa olu\u015fturucu i\u015flevi ekler.<\/p>\n","protected":false},"featured_media":13303,"comment_status":"open","ping_status":"closed","template":"","meta":[],"product_brand":[],"product_cat":[1413],"product_tag":[1867,1771,1535,1997],"class_list":{"0":"post-13898","1":"product","2":"type-product","3":"status-publish","4":"has-post-thumbnail","6":"product_cat-eklentiler","7":"product_tag-acilis-sayfasi","8":"product_tag-editor-tr","9":"product_tag-sayfa-olusturucu","10":"product_tag-surukle-ve-birak","12":"first","13":"instock","14":"downloadable","15":"virtual","16":"product-type-simple"},"_links":{"self":[{"href":"https:\/\/hexexist.com\/tr\/wp-json\/wp\/v2\/product\/13898","targetHints":{"allow":["GET"]}}],"collection":[{"href":"https:\/\/hexexist.com\/tr\/wp-json\/wp\/v2\/product"}],"about":[{"href":"https:\/\/hexexist.com\/tr\/wp-json\/wp\/v2\/types\/product"}],"replies":[{"embeddable":true,"href":"https:\/\/hexexist.com\/tr\/wp-json\/wp\/v2\/comments?post=13898"}],"wp:featuredmedia":[{"embeddable":true,"href":"https:\/\/hexexist.com\/tr\/wp-json\/wp\/v2\/media\/13303"}],"wp:attachment":[{"href":"https:\/\/hexexist.com\/tr\/wp-json\/wp\/v2\/media?parent=13898"}],"wp:term":[{"taxonomy":"product_brand","embeddable":true,"href":"https:\/\/hexexist.com\/tr\/wp-json\/wp\/v2\/product_brand?post=13898"},{"taxonomy":"product_cat","embeddable":true,"href":"https:\/\/hexexist.com\/tr\/wp-json\/wp\/v2\/product_cat?post=13898"},{"taxonomy":"product_tag","embeddable":true,"href":"https:\/\/hexexist.com\/tr\/wp-json\/wp\/v2\/product_tag?post=13898"}],"curies":[{"name":"wp","href":"https:\/\/api.w.org\/{rel}","templated":true}]}}