{"id":13899,"date":"2025-10-09T09:50:43","date_gmt":"2025-10-09T09:50:43","guid":{"rendered":"http:\/\/hexexist.com\/product\/wp-force-ssl-https-ssl-yonlendirmesi\/"},"modified":"2025-10-09T09:50:43","modified_gmt":"2025-10-09T09:50:43","slug":"wp-force-ssl-https-ssl-yonlendirmesi","status":"publish","type":"product","link":"https:\/\/hexexist.com\/tr\/urun\/wp-force-ssl-https-ssl-yonlendirmesi\/","title":{"rendered":"WP Force SSL &amp; HTTPS SSL Y\u00f6nlendirmesi"},"content":{"rendered":"<p>WP Force SSL, g\u00fcvensiz HTTP trafi\u011fini g\u00fcvenli HTTPS&#8217;ye y\u00f6nlendirmenize ve herhangi bir koda dokunmadan SSL hatalar\u0131n\u0131 d\u00fczeltmenize yard\u0131mc\u0131 olur. Force SSL&#8217;i etkinle\u015ftirdi\u011finizde her \u015fey ayarlanacak ve SSL etkinle\u015ftirilecektir. T\u00fcm site SSL sertifikan\u0131z\u0131 kullanarak HTTPS&#8217;ye ge\u00e7ecektir. Herhangi bir SSL sertifikas\u0131 ile \u00e7al\u0131\u015f\u0131r. Let &#8216;s Encrypt&#8217;ten \u00fccretsiz SSL sertifikas\u0131 veya \u00fccretli bir SSL sertifikas\u0131 olabilir.    <\/p>\n","protected":false},"excerpt":{"rendered":"<p>WP Force SSL, g\u00fcvensiz HTTP trafi\u011fini g\u00fcvenli HTTPS&#8217;ye y\u00f6nlendirmenize ve herhangi bir koda dokunmadan SSL hatalar\u0131n\u0131 d\u00fczeltmenize yard\u0131mc\u0131 olur. Force SSL&#8217;i etkinle\u015ftirdi\u011finizde her \u015fey ayarlanacak ve SSL etkinle\u015ftirilecektir. T\u00fcm site SSL sertifikan\u0131z\u0131 kullanarak HTTPS&#8217;ye ge\u00e7ecektir. Herhangi bir SSL sertifikas\u0131 ile \u00e7al\u0131\u015f\u0131r. Let &#8216;s Encrypt&#8217;ten \u00fccretsiz SSL sertifikas\u0131 veya \u00fccretli bir SSL sertifikas\u0131 olabilir.<\/p>\n","protected":false},"featured_media":13300,"comment_status":"open","ping_status":"closed","template":"","meta":[],"product_brand":[],"product_cat":[1413],"product_tag":[1998,2000,1999,2002,2001],"class_list":{"0":"post-13899","1":"product","2":"type-product","3":"status-publish","4":"has-post-thumbnail","6":"product_cat-eklentiler","7":"product_tag-https-tr","8":"product_tag-karisik-icerik","9":"product_tag-ssl-tr","10":"product_tag-ssl-sertifikasi","11":"product_tag-sslyi-zorla","13":"first","14":"instock","15":"downloadable","16":"virtual","17":"product-type-simple"},"_links":{"self":[{"href":"https:\/\/hexexist.com\/tr\/wp-json\/wp\/v2\/product\/13899","targetHints":{"allow":["GET"]}}],"collection":[{"href":"https:\/\/hexexist.com\/tr\/wp-json\/wp\/v2\/product"}],"about":[{"href":"https:\/\/hexexist.com\/tr\/wp-json\/wp\/v2\/types\/product"}],"replies":[{"embeddable":true,"href":"https:\/\/hexexist.com\/tr\/wp-json\/wp\/v2\/comments?post=13899"}],"wp:featuredmedia":[{"embeddable":true,"href":"https:\/\/hexexist.com\/tr\/wp-json\/wp\/v2\/media\/13300"}],"wp:attachment":[{"href":"https:\/\/hexexist.com\/tr\/wp-json\/wp\/v2\/media?parent=13899"}],"wp:term":[{"taxonomy":"product_brand","embeddable":true,"href":"https:\/\/hexexist.com\/tr\/wp-json\/wp\/v2\/product_brand?post=13899"},{"taxonomy":"product_cat","embeddable":true,"href":"https:\/\/hexexist.com\/tr\/wp-json\/wp\/v2\/product_cat?post=13899"},{"taxonomy":"product_tag","embeddable":true,"href":"https:\/\/hexexist.com\/tr\/wp-json\/wp\/v2\/product_tag?post=13899"}],"curies":[{"name":"wp","href":"https:\/\/api.w.org\/{rel}","templated":true}]}}