{"id":13900,"date":"2025-10-09T09:50:44","date_gmt":"2025-10-09T09:50:44","guid":{"rendered":"http:\/\/hexexist.com\/product\/onbellek-etkinlestirici\/"},"modified":"2025-10-09T09:50:44","modified_gmt":"2025-10-09T09:50:44","slug":"onbellek-etkinlestirici","status":"publish","type":"product","link":"https:\/\/hexexist.com\/tr\/urun\/onbellek-etkinlestirici\/","title":{"rendered":"\u00d6nbellek Etkinle\u015ftirici"},"content":{"rendered":"<p>Cache Enabler, kullan\u0131m\u0131 kolay, minimum yap\u0131land\u0131rma gerektiren ve hepsinden \u00f6nemlisi daha h\u0131zl\u0131 bir y\u00fckleme s\u00fcresi i\u00e7in site performans\u0131n\u0131 art\u0131rmaya yard\u0131mc\u0131 olan basit ama g\u00fc\u00e7l\u00fc bir WordPress \u00f6nbellek eklentisidir. \u00d6n u\u00e7 sayfalar\u0131n\u0131n statik HTML dosyalar\u0131n\u0131 olu\u015fturur ve bunlar\u0131 sunucunun diskinde depolar. Bu, sayfalar\u0131 an\u0131nda olu\u015fturmak yerine statik HTML dosyalar\u0131n\u0131n teslim edilmesini sa\u011flayarak WordPress \u00e7ekirde\u011finden, eklentilerinden ve veritaban\u0131ndan kaynak yo\u011fun arka u\u00e7 i\u015flemlerinden ka\u00e7\u0131n\u0131r.  <\/p>\n","protected":false},"excerpt":{"rendered":"<p>Cache Enabler, kullan\u0131m\u0131 kolay, minimum yap\u0131land\u0131rma gerektiren ve hepsinden \u00f6nemlisi daha h\u0131zl\u0131 bir y\u00fckleme s\u00fcresi i\u00e7in site performans\u0131n\u0131 art\u0131rmaya yard\u0131mc\u0131 olan basit ama g\u00fc\u00e7l\u00fc bir WordPress \u00f6nbellek eklentisidir. \u00d6n u\u00e7 sayfalar\u0131n\u0131n statik HTML dosyalar\u0131n\u0131 olu\u015fturur ve bunlar\u0131 sunucunun diskinde depolar. Bu, sayfalar\u0131 an\u0131nda olu\u015fturmak yerine statik HTML dosyalar\u0131n\u0131n teslim edilmesini sa\u011flayarak WordPress \u00e7ekirde\u011finden, eklentilerinden ve [&hellip;]<\/p>\n","protected":false},"featured_media":13302,"comment_status":"open","ping_status":"closed","template":"","meta":[],"product_brand":[],"product_cat":[1413],"product_tag":[2004,1737,1627,1469,2003],"class_list":{"0":"post-13900","1":"product","2":"type-product","3":"status-publish","4":"has-post-thumbnail","6":"product_cat-eklentiler","7":"product_tag-gzip-tr","8":"product_tag-onbellege-alma","9":"product_tag-onbellek","10":"product_tag-performans","11":"product_tag-webp-tr","13":"first","14":"instock","15":"downloadable","16":"virtual","17":"product-type-simple"},"_links":{"self":[{"href":"https:\/\/hexexist.com\/tr\/wp-json\/wp\/v2\/product\/13900","targetHints":{"allow":["GET"]}}],"collection":[{"href":"https:\/\/hexexist.com\/tr\/wp-json\/wp\/v2\/product"}],"about":[{"href":"https:\/\/hexexist.com\/tr\/wp-json\/wp\/v2\/types\/product"}],"replies":[{"embeddable":true,"href":"https:\/\/hexexist.com\/tr\/wp-json\/wp\/v2\/comments?post=13900"}],"wp:featuredmedia":[{"embeddable":true,"href":"https:\/\/hexexist.com\/tr\/wp-json\/wp\/v2\/media\/13302"}],"wp:attachment":[{"href":"https:\/\/hexexist.com\/tr\/wp-json\/wp\/v2\/media?parent=13900"}],"wp:term":[{"taxonomy":"product_brand","embeddable":true,"href":"https:\/\/hexexist.com\/tr\/wp-json\/wp\/v2\/product_brand?post=13900"},{"taxonomy":"product_cat","embeddable":true,"href":"https:\/\/hexexist.com\/tr\/wp-json\/wp\/v2\/product_cat?post=13900"},{"taxonomy":"product_tag","embeddable":true,"href":"https:\/\/hexexist.com\/tr\/wp-json\/wp\/v2\/product_tag?post=13900"}],"curies":[{"name":"wp","href":"https:\/\/api.w.org\/{rel}","templated":true}]}}