{"id":13901,"date":"2025-10-09T09:50:43","date_gmt":"2025-10-09T09:50:43","guid":{"rendered":"http:\/\/hexexist.com\/product\/elementor-ve-gutenberg-icin-shoplentor-woocommerce-builder-21-modul-hepsi-bir-arada-cozum-eski-adiyla-woolentor\/"},"modified":"2025-10-09T09:50:43","modified_gmt":"2025-10-09T09:50:43","slug":"elementor-ve-gutenberg-icin-shoplentor-woocommerce-builder-21-modul-hepsi-bir-arada-cozum-eski-adiyla-woolentor","status":"publish","type":"product","link":"https:\/\/hexexist.com\/tr\/urun\/elementor-ve-gutenberg-icin-shoplentor-woocommerce-builder-21-modul-hepsi-bir-arada-cozum-eski-adiyla-woolentor\/","title":{"rendered":"Elementor ve Gutenberg i\u00e7in ShopLentor WooCommerce Builder +21 Mod\u00fcl Hepsi Bir Arada \u00c7\u00f6z\u00fcm (eski ad\u0131yla WooLentor)"},"content":{"rendered":"<p>Bir WooCommerce web sitesine sahipseniz, neredeyse kesinlikle bu \u00f6zellikleri kullanmak isteyeceksiniz: Woo Builder (Elementor WooCommerce Builder), WooCommerce Templates, WooCommerce Widgets, Elementor Widgets, \u00fcr\u00fcn kar\u015f\u0131la\u015ft\u0131rma veya \u00dcr\u00fcnler Kar\u015f\u0131la\u015ft\u0131rma tablosu, WooCommerce sipari\u015f bildirimleri, WooCommerce kayd\u0131r\u0131c\u0131 eklentileri (Woo kayd\u0131r\u0131c\u0131lar), Woo son g\u00f6r\u00fcnt\u00fclenen \u00fcr\u00fcnler widget&#8217;\u0131, T\u00fckendi say\u0131s\u0131, Elementor Addons, Woocommerce varyasyon renk \u00f6rnekleri mod\u00fcl\u00fc, Elementor \u015eablonlar\u0131, WooCommerce \u00dcr\u00fcn Eklentileri, WooCommerce \u00fcr\u00fcn bloklar\u0131, WooCommerce Gutenberg Bloklar\u0131, \u00f6zel \u00fcr\u00fcn ar\u015fivi olu\u015fturucu, WooCommerce \u00fcr\u00fcn h\u0131zl\u0131 g\u00f6r\u00fcn\u00fcm\u00fc, stokta yok etiketi \u00f6zelle\u015ftirme, sat\u0131lan \u00fcr\u00fcn say\u0131s\u0131, fla\u015f sat\u0131\u015f geri say\u0131m\u0131, Woo istek listesi vb.<\/p>\n","protected":false},"excerpt":{"rendered":"<p>Bir WooCommerce web sitesine sahipseniz, neredeyse kesinlikle bu \u00f6zellikleri kullanmak isteyeceksiniz: Woo Builder (Elementor WooCommerce Builder), WooCommerce Templates, WooCommerce Widgets, Elementor Widgets, \u00fcr\u00fcn kar\u015f\u0131la\u015ft\u0131rma veya \u00dcr\u00fcnler Kar\u015f\u0131la\u015ft\u0131rma tablosu, WooCommerce sipari\u015f bildirimleri, WooCommerce kayd\u0131r\u0131c\u0131 eklentileri (Woo kayd\u0131r\u0131c\u0131lar), Woo son g\u00f6r\u00fcnt\u00fclenen \u00fcr\u00fcnler widget&#8217;\u0131, T\u00fckendi say\u0131s\u0131, Elementor Addons, Woocommerce varyasyon renk \u00f6rnekleri mod\u00fcl\u00fc, Elementor \u015eablonlar\u0131, WooCommerce \u00dcr\u00fcn Eklentileri, [&hellip;]<\/p>\n","protected":false},"featured_media":13299,"comment_status":"open","ping_status":"closed","template":"","meta":[],"product_brand":[],"product_cat":[1413],"product_tag":[1532,1459,2006,2005,2007],"class_list":{"0":"post-13901","1":"product","2":"type-product","3":"status-publish","4":"has-post-thumbnail","6":"product_cat-eklentiler","7":"product_tag-elementor-tr","8":"product_tag-woocommerce-tr","9":"product_tag-woocommerce-elementor-tr","10":"product_tag-woocommerce-olusturucu","11":"product_tag-woocommerce-urun","13":"first","14":"instock","15":"downloadable","16":"virtual","17":"product-type-simple"},"_links":{"self":[{"href":"https:\/\/hexexist.com\/tr\/wp-json\/wp\/v2\/product\/13901","targetHints":{"allow":["GET"]}}],"collection":[{"href":"https:\/\/hexexist.com\/tr\/wp-json\/wp\/v2\/product"}],"about":[{"href":"https:\/\/hexexist.com\/tr\/wp-json\/wp\/v2\/types\/product"}],"replies":[{"embeddable":true,"href":"https:\/\/hexexist.com\/tr\/wp-json\/wp\/v2\/comments?post=13901"}],"wp:featuredmedia":[{"embeddable":true,"href":"https:\/\/hexexist.com\/tr\/wp-json\/wp\/v2\/media\/13299"}],"wp:attachment":[{"href":"https:\/\/hexexist.com\/tr\/wp-json\/wp\/v2\/media?parent=13901"}],"wp:term":[{"taxonomy":"product_brand","embeddable":true,"href":"https:\/\/hexexist.com\/tr\/wp-json\/wp\/v2\/product_brand?post=13901"},{"taxonomy":"product_cat","embeddable":true,"href":"https:\/\/hexexist.com\/tr\/wp-json\/wp\/v2\/product_cat?post=13901"},{"taxonomy":"product_tag","embeddable":true,"href":"https:\/\/hexexist.com\/tr\/wp-json\/wp\/v2\/product_tag?post=13901"}],"curies":[{"name":"wp","href":"https:\/\/api.w.org\/{rel}","templated":true}]}}