{"id":13902,"date":"2025-10-09T09:50:47","date_gmt":"2025-10-09T09:50:47","guid":{"rendered":"http:\/\/hexexist.com\/product\/ottokit-hepsi-bir-arada-otomasyon-platformu-eski-adi-suretriggers\/"},"modified":"2025-10-09T09:50:47","modified_gmt":"2025-10-09T09:50:47","slug":"ottokit-hepsi-bir-arada-otomasyon-platformu-eski-adi-suretriggers","status":"publish","type":"product","link":"https:\/\/hexexist.com\/tr\/urun\/ottokit-hepsi-bir-arada-otomasyon-platformu-eski-adi-suretriggers\/","title":{"rendered":"OttoKit: Hepsi Bir Arada Otomasyon Platformu (Eski Ad\u0131 SureTriggers)"},"content":{"rendered":"<p>OttoKit HEPS\u0130 B\u0130R ARADA OTOMASYON PLUG\u0130N\u0130 VE \u00d6TES\u0130 (Eski ad\u0131yla SureTriggers) \u2605\u2605\u2605\u2605\u2605<\/p>\n","protected":false},"excerpt":{"rendered":"<p>OttoKit HEPS\u0130 B\u0130R ARADA OTOMASYON PLUG\u0130N\u0130 VE \u00d6TES\u0130 (Eski ad\u0131yla SureTriggers) \u2605\u2605\u2605\u2605\u2605<\/p>\n","protected":false},"featured_media":13313,"comment_status":"open","ping_status":"closed","template":"","meta":[],"product_brand":[],"product_cat":[1413],"product_tag":[2012,2011,2010,2013,2014],"class_list":{"0":"post-13902","1":"product","2":"type-product","3":"status-publish","4":"has-post-thumbnail","6":"product_cat-eklentiler","7":"product_tag-google-e-tablolar","8":"product_tag-otomasyon","9":"product_tag-program","10":"product_tag-surecart-tr","11":"product_tag-webhooks-tr","13":"first","14":"instock","15":"downloadable","16":"virtual","17":"product-type-simple"},"_links":{"self":[{"href":"https:\/\/hexexist.com\/tr\/wp-json\/wp\/v2\/product\/13902","targetHints":{"allow":["GET"]}}],"collection":[{"href":"https:\/\/hexexist.com\/tr\/wp-json\/wp\/v2\/product"}],"about":[{"href":"https:\/\/hexexist.com\/tr\/wp-json\/wp\/v2\/types\/product"}],"replies":[{"embeddable":true,"href":"https:\/\/hexexist.com\/tr\/wp-json\/wp\/v2\/comments?post=13902"}],"wp:featuredmedia":[{"embeddable":true,"href":"https:\/\/hexexist.com\/tr\/wp-json\/wp\/v2\/media\/13313"}],"wp:attachment":[{"href":"https:\/\/hexexist.com\/tr\/wp-json\/wp\/v2\/media?parent=13902"}],"wp:term":[{"taxonomy":"product_brand","embeddable":true,"href":"https:\/\/hexexist.com\/tr\/wp-json\/wp\/v2\/product_brand?post=13902"},{"taxonomy":"product_cat","embeddable":true,"href":"https:\/\/hexexist.com\/tr\/wp-json\/wp\/v2\/product_cat?post=13902"},{"taxonomy":"product_tag","embeddable":true,"href":"https:\/\/hexexist.com\/tr\/wp-json\/wp\/v2\/product_tag?post=13902"}],"curies":[{"name":"wp","href":"https:\/\/api.w.org\/{rel}","templated":true}]}}