{"id":13903,"date":"2025-10-09T09:50:46","date_gmt":"2025-10-09T09:50:46","guid":{"rendered":"http:\/\/hexexist.com\/product\/loginwp-eski-adiyla-peters-login-redirect\/"},"modified":"2025-10-09T09:50:46","modified_gmt":"2025-10-09T09:50:46","slug":"loginwp-eski-adiyla-peters-login-redirect","status":"publish","type":"product","link":"https:\/\/hexexist.com\/tr\/urun\/loginwp-eski-adiyla-peters-login-redirect\/","title":{"rendered":"LoginWP (Eski ad\u0131yla Peter&#8217;s Login Redirect)"},"content":{"rendered":"<p>LoginWP (eski ad\u0131yla Peter &#8216;s Login Redirect) belirli kullan\u0131c\u0131lar, belirli rollere sahip kullan\u0131c\u0131lar, belirli yeteneklere sahip kullan\u0131c\u0131lar i\u00e7in bir dizi y\u00f6nlendirme kural\u0131 ve di\u011fer t\u00fcm kullan\u0131c\u0131lar i\u00e7in genel bir kural tan\u0131mlaman\u0131za olanak tan\u0131r. Ayr\u0131ca, kay\u0131t sonras\u0131 i\u00e7in bir y\u00f6nlendirme URL&#8217;si ayarlay\u0131n. <\/p>\n","protected":false},"excerpt":{"rendered":"<p>LoginWP (eski ad\u0131yla Peter &#8216;s Login Redirect) belirli kullan\u0131c\u0131lar, belirli rollere sahip kullan\u0131c\u0131lar, belirli yeteneklere sahip kullan\u0131c\u0131lar i\u00e7in bir dizi y\u00f6nlendirme kural\u0131 ve di\u011fer t\u00fcm kullan\u0131c\u0131lar i\u00e7in genel bir kural tan\u0131mlaman\u0131za olanak tan\u0131r. Ayr\u0131ca, kay\u0131t sonras\u0131 i\u00e7in bir y\u00f6nlendirme URL&#8217;si ayarlay\u0131n.<\/p>\n","protected":false},"featured_media":13308,"comment_status":"open","ping_status":"closed","template":"","meta":[],"product_brand":[],"product_cat":[1413],"product_tag":[2008,2009],"class_list":{"0":"post-13903","1":"product","2":"type-product","3":"status-publish","4":"has-post-thumbnail","6":"product_cat-eklentiler","7":"product_tag-giris-yonlendirmesi","8":"product_tag-oturum-kapatma-yonlendirmesi","10":"first","11":"instock","12":"downloadable","13":"virtual","14":"product-type-simple"},"_links":{"self":[{"href":"https:\/\/hexexist.com\/tr\/wp-json\/wp\/v2\/product\/13903","targetHints":{"allow":["GET"]}}],"collection":[{"href":"https:\/\/hexexist.com\/tr\/wp-json\/wp\/v2\/product"}],"about":[{"href":"https:\/\/hexexist.com\/tr\/wp-json\/wp\/v2\/types\/product"}],"replies":[{"embeddable":true,"href":"https:\/\/hexexist.com\/tr\/wp-json\/wp\/v2\/comments?post=13903"}],"wp:featuredmedia":[{"embeddable":true,"href":"https:\/\/hexexist.com\/tr\/wp-json\/wp\/v2\/media\/13308"}],"wp:attachment":[{"href":"https:\/\/hexexist.com\/tr\/wp-json\/wp\/v2\/media?parent=13903"}],"wp:term":[{"taxonomy":"product_brand","embeddable":true,"href":"https:\/\/hexexist.com\/tr\/wp-json\/wp\/v2\/product_brand?post=13903"},{"taxonomy":"product_cat","embeddable":true,"href":"https:\/\/hexexist.com\/tr\/wp-json\/wp\/v2\/product_cat?post=13903"},{"taxonomy":"product_tag","embeddable":true,"href":"https:\/\/hexexist.com\/tr\/wp-json\/wp\/v2\/product_tag?post=13903"}],"curies":[{"name":"wp","href":"https:\/\/api.w.org\/{rel}","templated":true}]}}