{"id":13904,"date":"2025-10-09T09:50:46","date_gmt":"2025-10-09T09:50:46","guid":{"rendered":"http:\/\/hexexist.com\/product\/ozel-giris-sayfasi-ozellestirici\/"},"modified":"2025-10-09T09:50:46","modified_gmt":"2025-10-09T09:50:46","slug":"ozel-giris-sayfasi-ozellestirici","status":"publish","type":"product","link":"https:\/\/hexexist.com\/tr\/urun\/ozel-giris-sayfasi-ozellestirici\/","title":{"rendered":"\u00d6zel Giri\u015f Sayfas\u0131 \u00d6zelle\u015ftirici"},"content":{"rendered":"<p>\u00d6zel Giri\u015f Sayfas\u0131 \u00d6zelle\u015ftiricisi, giri\u015f sayfas\u0131n\u0131 web sitenizin markas\u0131na uyacak \u015fekilde \u00f6zelle\u015ftirmek istiyorsan\u0131z WordPress web siteniz i\u00e7in m\u00fckemmel bir \u00e7\u00f6z\u00fcmd\u00fcr. Giri\u015f sayfas\u0131n\u0131 \u00f6zelle\u015ftirerek kullan\u0131c\u0131lar\u0131n\u0131za daha iyi bir deneyim sunabilir, web sitenizin g\u00fcvenli\u011fini art\u0131rabilir ve web sitenizin daha profesyonel ve g\u00fcvenilir g\u00f6r\u00fcnmesini sa\u011flayabilirsiniz. <\/p>\n","protected":false},"excerpt":{"rendered":"<p>\u00d6zel Giri\u015f Sayfas\u0131 \u00d6zelle\u015ftiricisi, giri\u015f sayfas\u0131n\u0131 web sitenizin markas\u0131na uyacak \u015fekilde \u00f6zelle\u015ftirmek istiyorsan\u0131z WordPress web siteniz i\u00e7in m\u00fckemmel bir \u00e7\u00f6z\u00fcmd\u00fcr. Giri\u015f sayfas\u0131n\u0131 \u00f6zelle\u015ftirerek kullan\u0131c\u0131lar\u0131n\u0131za daha iyi bir deneyim sunabilir, web sitenizin g\u00fcvenli\u011fini art\u0131rabilir ve web sitenizin daha profesyonel ve g\u00fcvenilir g\u00f6r\u00fcnmesini sa\u011flayabilirsiniz.<\/p>\n","protected":false},"featured_media":13307,"comment_status":"open","ping_status":"closed","template":"","meta":[],"product_brand":[],"product_cat":[1413],"product_tag":[2015,2019,2018,2017,2016],"class_list":{"0":"post-13904","1":"product","2":"type-product","3":"status-publish","4":"has-post-thumbnail","6":"product_cat-eklentiler","7":"product_tag-giris","8":"product_tag-giris-sayfasi","9":"product_tag-ozel-giris","10":"product_tag-ozellestirici","11":"product_tag-wp-giris","13":"first","14":"instock","15":"downloadable","16":"virtual","17":"product-type-simple"},"_links":{"self":[{"href":"https:\/\/hexexist.com\/tr\/wp-json\/wp\/v2\/product\/13904","targetHints":{"allow":["GET"]}}],"collection":[{"href":"https:\/\/hexexist.com\/tr\/wp-json\/wp\/v2\/product"}],"about":[{"href":"https:\/\/hexexist.com\/tr\/wp-json\/wp\/v2\/types\/product"}],"replies":[{"embeddable":true,"href":"https:\/\/hexexist.com\/tr\/wp-json\/wp\/v2\/comments?post=13904"}],"wp:featuredmedia":[{"embeddable":true,"href":"https:\/\/hexexist.com\/tr\/wp-json\/wp\/v2\/media\/13307"}],"wp:attachment":[{"href":"https:\/\/hexexist.com\/tr\/wp-json\/wp\/v2\/media?parent=13904"}],"wp:term":[{"taxonomy":"product_brand","embeddable":true,"href":"https:\/\/hexexist.com\/tr\/wp-json\/wp\/v2\/product_brand?post=13904"},{"taxonomy":"product_cat","embeddable":true,"href":"https:\/\/hexexist.com\/tr\/wp-json\/wp\/v2\/product_cat?post=13904"},{"taxonomy":"product_tag","embeddable":true,"href":"https:\/\/hexexist.com\/tr\/wp-json\/wp\/v2\/product_tag?post=13904"}],"curies":[{"name":"wp","href":"https:\/\/api.w.org\/{rel}","templated":true}]}}