{"id":13905,"date":"2025-10-09T09:50:47","date_gmt":"2025-10-09T09:50:47","guid":{"rendered":"http:\/\/hexexist.com\/product\/surecart-e-ticaret-fiziksel-urunler-dijital-indirmeler-abonelikler-bagislar-ve-odemeler-satmak-icin-kolaylasti\/"},"modified":"2025-10-09T09:50:47","modified_gmt":"2025-10-09T09:50:47","slug":"surecart-e-ticaret-fiziksel-urunler-dijital-indirmeler-abonelikler-bagislar-ve-odemeler-satmak-icin-kolaylasti","status":"publish","type":"product","link":"https:\/\/hexexist.com\/tr\/urun\/surecart-e-ticaret-fiziksel-urunler-dijital-indirmeler-abonelikler-bagislar-ve-odemeler-satmak-icin-kolaylasti\/","title":{"rendered":"SureCart E-ticaret Fiziksel \u00dcr\u00fcnler, Dijital \u0130ndirmeler, Abonelikler, Ba\u011f\u0131\u015flar ve \u00d6demeler Satmak \u0130\u00e7in Kolayla\u015ft\u0131"},"content":{"rendered":"<p>WordPress&#8217;te Herhangi Bir \u015eey Satman\u0131n Yeni Yolu! \u2605\u2605\u2605\u2605\u2605 <\/p>\n","protected":false},"excerpt":{"rendered":"<p>WordPress&#8217;te Herhangi Bir \u015eey Satman\u0131n Yeni Yolu! \u2605\u2605\u2605\u2605\u2605<\/p>\n","protected":false},"featured_media":13312,"comment_status":"open","ping_status":"closed","template":"","meta":[],"product_brand":[],"product_cat":[1413],"product_tag":[2021,1504,1461,2020,1865],"class_list":{"0":"post-13905","1":"product","2":"type-product","3":"status-publish","4":"has-post-thumbnail","6":"product_cat-eklentiler","7":"product_tag-abonelikler","8":"product_tag-e-ticaret","9":"product_tag-odemeler","10":"product_tag-online-magaza","11":"product_tag-serit","13":"first","14":"instock","15":"downloadable","16":"virtual","17":"product-type-simple"},"_links":{"self":[{"href":"https:\/\/hexexist.com\/tr\/wp-json\/wp\/v2\/product\/13905","targetHints":{"allow":["GET"]}}],"collection":[{"href":"https:\/\/hexexist.com\/tr\/wp-json\/wp\/v2\/product"}],"about":[{"href":"https:\/\/hexexist.com\/tr\/wp-json\/wp\/v2\/types\/product"}],"replies":[{"embeddable":true,"href":"https:\/\/hexexist.com\/tr\/wp-json\/wp\/v2\/comments?post=13905"}],"wp:featuredmedia":[{"embeddable":true,"href":"https:\/\/hexexist.com\/tr\/wp-json\/wp\/v2\/media\/13312"}],"wp:attachment":[{"href":"https:\/\/hexexist.com\/tr\/wp-json\/wp\/v2\/media?parent=13905"}],"wp:term":[{"taxonomy":"product_brand","embeddable":true,"href":"https:\/\/hexexist.com\/tr\/wp-json\/wp\/v2\/product_brand?post=13905"},{"taxonomy":"product_cat","embeddable":true,"href":"https:\/\/hexexist.com\/tr\/wp-json\/wp\/v2\/product_cat?post=13905"},{"taxonomy":"product_tag","embeddable":true,"href":"https:\/\/hexexist.com\/tr\/wp-json\/wp\/v2\/product_tag?post=13905"}],"curies":[{"name":"wp","href":"https:\/\/api.w.org\/{rel}","templated":true}]}}