{"id":13906,"date":"2025-10-09T09:50:46","date_gmt":"2025-10-09T09:50:46","guid":{"rendered":"http:\/\/hexexist.com\/product\/kalp-atisi-kontrolu\/"},"modified":"2025-10-09T09:50:46","modified_gmt":"2025-10-09T09:50:46","slug":"kalp-atisi-kontrolu","status":"publish","type":"product","link":"https:\/\/hexexist.com\/tr\/urun\/kalp-atisi-kontrolu\/","title":{"rendered":"Kalp At\u0131\u015f\u0131 Kontrol\u00fc"},"content":{"rendered":"<p>WP Rocket taraf\u0131ndan sunulan Heartbeat Control, WordPress kalp at\u0131\u015f\u0131 API&#8217;sinin frekans\u0131n\u0131 birka\u00e7 t\u0131klamayla y\u00f6netmenizi sa\u011flar.<\/p>\n","protected":false},"excerpt":{"rendered":"<p>WP Rocket taraf\u0131ndan sunulan Heartbeat Control, WordPress kalp at\u0131\u015f\u0131 API&#8217;sinin frekans\u0131n\u0131 birka\u00e7 t\u0131klamayla y\u00f6netmenizi sa\u011flar.<\/p>\n","protected":false},"featured_media":13306,"comment_status":"open","ping_status":"closed","template":"","meta":[],"product_brand":[],"product_cat":[1413],"product_tag":[2022,2023,2024],"class_list":{"0":"post-13906","1":"product","2":"type-product","3":"status-publish","4":"has-post-thumbnail","6":"product_cat-eklentiler","7":"product_tag-admin-ajax-tr","8":"product_tag-kalp-atisi","9":"product_tag-kalp-atisi-api","11":"first","12":"instock","13":"downloadable","14":"virtual","15":"product-type-simple"},"_links":{"self":[{"href":"https:\/\/hexexist.com\/tr\/wp-json\/wp\/v2\/product\/13906","targetHints":{"allow":["GET"]}}],"collection":[{"href":"https:\/\/hexexist.com\/tr\/wp-json\/wp\/v2\/product"}],"about":[{"href":"https:\/\/hexexist.com\/tr\/wp-json\/wp\/v2\/types\/product"}],"replies":[{"embeddable":true,"href":"https:\/\/hexexist.com\/tr\/wp-json\/wp\/v2\/comments?post=13906"}],"wp:featuredmedia":[{"embeddable":true,"href":"https:\/\/hexexist.com\/tr\/wp-json\/wp\/v2\/media\/13306"}],"wp:attachment":[{"href":"https:\/\/hexexist.com\/tr\/wp-json\/wp\/v2\/media?parent=13906"}],"wp:term":[{"taxonomy":"product_brand","embeddable":true,"href":"https:\/\/hexexist.com\/tr\/wp-json\/wp\/v2\/product_brand?post=13906"},{"taxonomy":"product_cat","embeddable":true,"href":"https:\/\/hexexist.com\/tr\/wp-json\/wp\/v2\/product_cat?post=13906"},{"taxonomy":"product_tag","embeddable":true,"href":"https:\/\/hexexist.com\/tr\/wp-json\/wp\/v2\/product_tag?post=13906"}],"curies":[{"name":"wp","href":"https:\/\/api.w.org\/{rel}","templated":true}]}}