{"id":13907,"date":"2025-10-09T09:50:47","date_gmt":"2025-10-09T09:50:47","guid":{"rendered":"http:\/\/hexexist.com\/product\/guclu-referanslar\/"},"modified":"2025-10-09T09:50:47","modified_gmt":"2025-10-09T09:50:47","slug":"guclu-referanslar","status":"publish","type":"product","link":"https:\/\/hexexist.com\/tr\/urun\/guclu-referanslar\/","title":{"rendered":"G\u00fc\u00e7l\u00fc Referanslar"},"content":{"rendered":"<p>Sadece birka\u00e7 ad\u0131mda referanslar\u0131 kolayca toplay\u0131n ve yay\u0131nlay\u0131n. Y\u0131llar i\u00e7inde geli\u015ftirilmi\u015f esnek \u00f6zelliklerle dolu, hem yeni ba\u015flayanlar hem de profesyoneller i\u00e7in m\u00fckemmel! <\/p>\n","protected":false},"excerpt":{"rendered":"<p>Sadece birka\u00e7 ad\u0131mda referanslar\u0131 kolayca toplay\u0131n ve yay\u0131nlay\u0131n. Y\u0131llar i\u00e7inde geli\u015ftirilmi\u015f esnek \u00f6zelliklerle dolu, hem yeni ba\u015flayanlar hem de profesyoneller i\u00e7in m\u00fckemmel!<\/p>\n","protected":false},"featured_media":13311,"comment_status":"open","ping_status":"closed","template":"","meta":[],"product_brand":[],"product_cat":[1413],"product_tag":[2025,2027,2026,1517],"class_list":{"0":"post-13907","1":"product","2":"type-product","3":"status-publish","4":"has-post-thumbnail","6":"product_cat-eklentiler","7":"product_tag-referans-formu","8":"product_tag-referanslar-kaydiricisi","9":"product_tag-testimonial-eklentisi","10":"product_tag-yildiz-derecelendirmeleri","12":"first","13":"instock","14":"downloadable","15":"virtual","16":"product-type-simple"},"_links":{"self":[{"href":"https:\/\/hexexist.com\/tr\/wp-json\/wp\/v2\/product\/13907","targetHints":{"allow":["GET"]}}],"collection":[{"href":"https:\/\/hexexist.com\/tr\/wp-json\/wp\/v2\/product"}],"about":[{"href":"https:\/\/hexexist.com\/tr\/wp-json\/wp\/v2\/types\/product"}],"replies":[{"embeddable":true,"href":"https:\/\/hexexist.com\/tr\/wp-json\/wp\/v2\/comments?post=13907"}],"wp:featuredmedia":[{"embeddable":true,"href":"https:\/\/hexexist.com\/tr\/wp-json\/wp\/v2\/media\/13311"}],"wp:attachment":[{"href":"https:\/\/hexexist.com\/tr\/wp-json\/wp\/v2\/media?parent=13907"}],"wp:term":[{"taxonomy":"product_brand","embeddable":true,"href":"https:\/\/hexexist.com\/tr\/wp-json\/wp\/v2\/product_brand?post=13907"},{"taxonomy":"product_cat","embeddable":true,"href":"https:\/\/hexexist.com\/tr\/wp-json\/wp\/v2\/product_cat?post=13907"},{"taxonomy":"product_tag","embeddable":true,"href":"https:\/\/hexexist.com\/tr\/wp-json\/wp\/v2\/product_tag?post=13907"}],"curies":[{"name":"wp","href":"https:\/\/api.w.org\/{rel}","templated":true}]}}