{"id":13908,"date":"2025-10-09T09:50:46","date_gmt":"2025-10-09T09:50:46","guid":{"rendered":"http:\/\/hexexist.com\/product\/depicter-tarafindan-popup-ve-slider-builder-e-posta-toplama-popup-popup-modal-kupon-popup-resim-kaydirici-carousel-kaydirici-post-slider-carousel-ekleyin\/"},"modified":"2025-10-09T09:50:46","modified_gmt":"2025-10-09T09:50:46","slug":"depicter-tarafindan-popup-ve-slider-builder-e-posta-toplama-popup-popup-modal-kupon-popup-resim-kaydirici-carousel-kaydirici-post-slider-carousel-ekleyin","status":"publish","type":"product","link":"https:\/\/hexexist.com\/tr\/urun\/depicter-tarafindan-popup-ve-slider-builder-e-posta-toplama-popup-popup-modal-kupon-popup-resim-kaydirici-carousel-kaydirici-post-slider-carousel-ekleyin\/","title":{"rendered":"Depicter taraf\u0131ndan Popup ve Slider Builder E-posta toplama Popup, Popup Modal, Kupon Popup, Resim Kayd\u0131r\u0131c\u0131, Carousel Kayd\u0131r\u0131c\u0131, Post Slider Carousel ekleyin"},"content":{"rendered":"<p>Depicter Popup, Bildirim \u00c7ubu\u011fu ve Slider olu\u015fturucu ile kullan\u0131c\u0131lar\u0131n kat\u0131l\u0131m oran\u0131n\u0131 veya sat\u0131\u015flar\u0131n\u0131 art\u0131r\u0131n.<\/p>\n","protected":false},"excerpt":{"rendered":"<p>Depicter Popup, Bildirim \u00c7ubu\u011fu ve Slider olu\u015fturucu ile kullan\u0131c\u0131lar\u0131n kat\u0131l\u0131m oran\u0131n\u0131 veya sat\u0131\u015flar\u0131n\u0131 art\u0131r\u0131n.<\/p>\n","protected":false},"featured_media":13305,"comment_status":"open","ping_status":"closed","template":"","meta":[],"product_brand":[],"product_cat":[1413],"product_tag":[1872,2028,1639,1909,2029],"class_list":{"0":"post-13908","1":"product","2":"type-product","3":"status-publish","4":"has-post-thumbnail","6":"product_cat-eklentiler","7":"product_tag-acilir-pencere","8":"product_tag-karusel-kaydirici","9":"product_tag-kaydirici","10":"product_tag-kaydirici-gonder","11":"product_tag-slayt-gosterisi","13":"first","14":"instock","15":"downloadable","16":"virtual","17":"product-type-simple"},"_links":{"self":[{"href":"https:\/\/hexexist.com\/tr\/wp-json\/wp\/v2\/product\/13908","targetHints":{"allow":["GET"]}}],"collection":[{"href":"https:\/\/hexexist.com\/tr\/wp-json\/wp\/v2\/product"}],"about":[{"href":"https:\/\/hexexist.com\/tr\/wp-json\/wp\/v2\/types\/product"}],"replies":[{"embeddable":true,"href":"https:\/\/hexexist.com\/tr\/wp-json\/wp\/v2\/comments?post=13908"}],"wp:featuredmedia":[{"embeddable":true,"href":"https:\/\/hexexist.com\/tr\/wp-json\/wp\/v2\/media\/13305"}],"wp:attachment":[{"href":"https:\/\/hexexist.com\/tr\/wp-json\/wp\/v2\/media?parent=13908"}],"wp:term":[{"taxonomy":"product_brand","embeddable":true,"href":"https:\/\/hexexist.com\/tr\/wp-json\/wp\/v2\/product_brand?post=13908"},{"taxonomy":"product_cat","embeddable":true,"href":"https:\/\/hexexist.com\/tr\/wp-json\/wp\/v2\/product_cat?post=13908"},{"taxonomy":"product_tag","embeddable":true,"href":"https:\/\/hexexist.com\/tr\/wp-json\/wp\/v2\/product_tag?post=13908"}],"curies":[{"name":"wp","href":"https:\/\/api.w.org\/{rel}","templated":true}]}}