{"id":13909,"date":"2025-10-09T09:50:47","date_gmt":"2025-10-09T09:50:47","guid":{"rendered":"http:\/\/hexexist.com\/product\/hafif-kenar-cubugu-yoneticisi\/"},"modified":"2025-10-09T09:50:47","modified_gmt":"2025-10-09T09:50:47","slug":"hafif-kenar-cubugu-yoneticisi","status":"publish","type":"product","link":"https:\/\/hexexist.com\/tr\/urun\/hafif-kenar-cubugu-yoneticisi\/","title":{"rendered":"Hafif Kenar \u00c7ubu\u011fu Y\u00f6neticisi"},"content":{"rendered":"<p>Normalde web sitesi boyunca g\u00f6r\u00fcnen bir kenar \u00e7ubu\u011funuz vard\u0131r. Ancak, bazen web sitesindeki belirli sayfalarda alakal\u0131, farkl\u0131 bir kenar \u00e7ubu\u011fu g\u00f6r\u00fcnt\u00fclemek gerekir. \u00d6rne\u011fin: WooCommerce sayfalar\u0131nda, ilgili veya en \u00e7ok satan \u00fcr\u00fcnleri i\u00e7eren bir kenar \u00e7ubu\u011fu, en son yorumlardan, blog g\u00f6nderilerinden daha alakal\u0131 olacakt\u0131r, de\u011fil mi?  <\/p>\n","protected":false},"excerpt":{"rendered":"<p>Normalde web sitesi boyunca g\u00f6r\u00fcnen bir kenar \u00e7ubu\u011funuz vard\u0131r. Ancak, bazen web sitesindeki belirli sayfalarda alakal\u0131, farkl\u0131 bir kenar \u00e7ubu\u011fu g\u00f6r\u00fcnt\u00fclemek gerekir. \u00d6rne\u011fin: WooCommerce sayfalar\u0131nda, ilgili veya en \u00e7ok satan \u00fcr\u00fcnleri i\u00e7eren bir kenar \u00e7ubu\u011fu, en son yorumlardan, blog g\u00f6nderilerinden daha alakal\u0131 olacakt\u0131r, de\u011fil mi?<\/p>\n","protected":false},"featured_media":13310,"comment_status":"open","ping_status":"closed","template":"","meta":[],"product_brand":[],"product_cat":[1413],"product_tag":[2032,2031,2030],"class_list":{"0":"post-13909","1":"product","2":"type-product","3":"status-publish","4":"has-post-thumbnail","6":"product_cat-eklentiler","7":"product_tag-kenar-cubugu-yoneticisi","8":"product_tag-ozel-kenar-cubugu","9":"product_tag-widgetlar","11":"first","12":"instock","13":"downloadable","14":"virtual","15":"product-type-simple"},"_links":{"self":[{"href":"https:\/\/hexexist.com\/tr\/wp-json\/wp\/v2\/product\/13909","targetHints":{"allow":["GET"]}}],"collection":[{"href":"https:\/\/hexexist.com\/tr\/wp-json\/wp\/v2\/product"}],"about":[{"href":"https:\/\/hexexist.com\/tr\/wp-json\/wp\/v2\/types\/product"}],"replies":[{"embeddable":true,"href":"https:\/\/hexexist.com\/tr\/wp-json\/wp\/v2\/comments?post=13909"}],"wp:featuredmedia":[{"embeddable":true,"href":"https:\/\/hexexist.com\/tr\/wp-json\/wp\/v2\/media\/13310"}],"wp:attachment":[{"href":"https:\/\/hexexist.com\/tr\/wp-json\/wp\/v2\/media?parent=13909"}],"wp:term":[{"taxonomy":"product_brand","embeddable":true,"href":"https:\/\/hexexist.com\/tr\/wp-json\/wp\/v2\/product_brand?post=13909"},{"taxonomy":"product_cat","embeddable":true,"href":"https:\/\/hexexist.com\/tr\/wp-json\/wp\/v2\/product_cat?post=13909"},{"taxonomy":"product_tag","embeddable":true,"href":"https:\/\/hexexist.com\/tr\/wp-json\/wp\/v2\/product_tag?post=13909"}],"curies":[{"name":"wp","href":"https:\/\/api.w.org\/{rel}","templated":true}]}}