{"id":13910,"date":"2025-10-09T09:50:46","date_gmt":"2025-10-09T09:50:46","guid":{"rendered":"http:\/\/hexexist.com\/product\/cyrden-late-gelistirilmis\/"},"modified":"2025-10-09T09:50:46","modified_gmt":"2025-10-09T09:50:46","slug":"cyrden-late-gelistirilmis","status":"publish","type":"product","link":"https:\/\/hexexist.com\/tr\/urun\/cyrden-late-gelistirilmis\/","title":{"rendered":"Cyr&#8217;den Lat&#8217;e geli\u015ftirilmi\u015f"},"content":{"rendered":"<p>Yaz\u0131, sayfa ve terim slug&#8217;lar\u0131ndaki Kiril ve G\u00fcrc\u00fc karakterlerini Latin karakterlerine d\u00f6n\u00fc\u015ft\u00fcr\u00fcr. \u0130nsan taraf\u0131ndan okunabilir URL&#8217;ler olu\u015fturmak i\u00e7in kullan\u0131\u015fl\u0131d\u0131r. <\/p>\n","protected":false},"excerpt":{"rendered":"<p>Yaz\u0131, sayfa ve terim slug&#8217;lar\u0131ndaki Kiril ve G\u00fcrc\u00fc karakterlerini Latin karakterlerine d\u00f6n\u00fc\u015ft\u00fcr\u00fcr. \u0130nsan taraf\u0131ndan okunabilir URL&#8217;ler olu\u015fturmak i\u00e7in kullan\u0131\u015fl\u0131d\u0131r.<\/p>\n","protected":false},"featured_media":13304,"comment_status":"open","ping_status":"closed","template":"","meta":[],"product_brand":[],"product_cat":[1413],"product_tag":[2034,2033,2035,2036,2037],"class_list":{"0":"post-13910","1":"product","2":"type-product","3":"status-publish","4":"has-post-thumbnail","6":"product_cat-eklentiler","7":"product_tag-cyrillic-tr","8":"product_tag-l10n-tr","9":"product_tag-latince","10":"product_tag-rusca","11":"product_tag-rustolat-tr","13":"first","14":"instock","15":"downloadable","16":"virtual","17":"product-type-simple"},"_links":{"self":[{"href":"https:\/\/hexexist.com\/tr\/wp-json\/wp\/v2\/product\/13910","targetHints":{"allow":["GET"]}}],"collection":[{"href":"https:\/\/hexexist.com\/tr\/wp-json\/wp\/v2\/product"}],"about":[{"href":"https:\/\/hexexist.com\/tr\/wp-json\/wp\/v2\/types\/product"}],"replies":[{"embeddable":true,"href":"https:\/\/hexexist.com\/tr\/wp-json\/wp\/v2\/comments?post=13910"}],"wp:featuredmedia":[{"embeddable":true,"href":"https:\/\/hexexist.com\/tr\/wp-json\/wp\/v2\/media\/13304"}],"wp:attachment":[{"href":"https:\/\/hexexist.com\/tr\/wp-json\/wp\/v2\/media?parent=13910"}],"wp:term":[{"taxonomy":"product_brand","embeddable":true,"href":"https:\/\/hexexist.com\/tr\/wp-json\/wp\/v2\/product_brand?post=13910"},{"taxonomy":"product_cat","embeddable":true,"href":"https:\/\/hexexist.com\/tr\/wp-json\/wp\/v2\/product_cat?post=13910"},{"taxonomy":"product_tag","embeddable":true,"href":"https:\/\/hexexist.com\/tr\/wp-json\/wp\/v2\/product_tag?post=13910"}],"curies":[{"name":"wp","href":"https:\/\/api.w.org\/{rel}","templated":true}]}}