{"id":13911,"date":"2025-10-09T09:50:47","date_gmt":"2025-10-09T09:50:47","guid":{"rendered":"http:\/\/hexexist.com\/product\/yeniden-yonlendirme\/"},"modified":"2025-10-09T09:50:47","modified_gmt":"2025-10-09T09:50:47","slug":"yeniden-yonlendirme","status":"publish","type":"product","link":"https:\/\/hexexist.com\/tr\/urun\/yeniden-yonlendirme\/","title":{"rendered":"Yeniden Y\u00f6nlendirme"},"content":{"rendered":"<p>\u00dccretsiz kukla sitenizde deneyin: Buraya t\u0131klay\u0131n =&gt; https:\/\/tastewp.com\/plugins\/redirect-redirection . (bu numara WP deposundaki t\u00fcm eklentiler i\u00e7in \u00e7al\u0131\u015f\u0131r, sadece URL&#8217;de ?wordpress? yerine ?tastewp? yaz\u0131n) <\/p>\n","protected":false},"excerpt":{"rendered":"<p>\u00dccretsiz kukla sitenizde deneyin: Buraya t\u0131klay\u0131n =&gt; https:\/\/tastewp.com\/plugins\/redirect-redirection . (bu numara WP deposundaki t\u00fcm eklentiler i\u00e7in \u00e7al\u0131\u015f\u0131r, sadece URL&#8217;de ?wordpress? yerine ?tastewp? yaz\u0131n)<\/p>\n","protected":false},"featured_media":12864,"comment_status":"open","ping_status":"closed","template":"","meta":[],"product_brand":[],"product_cat":[1413],"product_tag":[1591,2040,1593,2038,2039],"class_list":{"0":"post-13911","1":"product","2":"type-product","3":"status-publish","4":"has-post-thumbnail","6":"product_cat-eklentiler","7":"product_tag-301-tr","8":"product_tag-404-tr","9":"product_tag-yonlendirme","11":"product_tag-yonlendirmeler","13":"first","14":"instock","15":"downloadable","16":"virtual","17":"product-type-simple"},"_links":{"self":[{"href":"https:\/\/hexexist.com\/tr\/wp-json\/wp\/v2\/product\/13911","targetHints":{"allow":["GET"]}}],"collection":[{"href":"https:\/\/hexexist.com\/tr\/wp-json\/wp\/v2\/product"}],"about":[{"href":"https:\/\/hexexist.com\/tr\/wp-json\/wp\/v2\/types\/product"}],"replies":[{"embeddable":true,"href":"https:\/\/hexexist.com\/tr\/wp-json\/wp\/v2\/comments?post=13911"}],"wp:featuredmedia":[{"embeddable":true,"href":"https:\/\/hexexist.com\/tr\/wp-json\/wp\/v2\/media\/12864"}],"wp:attachment":[{"href":"https:\/\/hexexist.com\/tr\/wp-json\/wp\/v2\/media?parent=13911"}],"wp:term":[{"taxonomy":"product_brand","embeddable":true,"href":"https:\/\/hexexist.com\/tr\/wp-json\/wp\/v2\/product_brand?post=13911"},{"taxonomy":"product_cat","embeddable":true,"href":"https:\/\/hexexist.com\/tr\/wp-json\/wp\/v2\/product_cat?post=13911"},{"taxonomy":"product_tag","embeddable":true,"href":"https:\/\/hexexist.com\/tr\/wp-json\/wp\/v2\/product_tag?post=13911"}],"curies":[{"name":"wp","href":"https:\/\/api.w.org\/{rel}","templated":true}]}}