{"id":13912,"date":"2025-10-09T09:50:47","date_gmt":"2025-10-09T09:50:47","guid":{"rendered":"http:\/\/hexexist.com\/product\/gercek-medya-kitapligi-medya-kitapligi-klasoru-ve-dosya-yoneticisi\/"},"modified":"2025-10-09T09:50:47","modified_gmt":"2025-10-09T09:50:47","slug":"gercek-medya-kitapligi-medya-kitapligi-klasoru-ve-dosya-yoneticisi","status":"publish","type":"product","link":"https:\/\/hexexist.com\/tr\/urun\/gercek-medya-kitapligi-medya-kitapligi-klasoru-ve-dosya-yoneticisi\/","title":{"rendered":"Ger\u00e7ek Medya Kitapl\u0131\u011f\u0131: Medya Kitapl\u0131\u011f\u0131 Klas\u00f6r\u00fc ve Dosya Y\u00f6neticisi"},"content":{"rendered":"<p>Y\u00fcklenen medyay\u0131 klas\u00f6rler halinde d\u00fczenleyin: WordPress i\u00e7in bir dosya y\u00f6neticisi<\/p>\n","protected":false},"excerpt":{"rendered":"<p>Y\u00fcklenen medyay\u0131 klas\u00f6rler halinde d\u00fczenleyin: WordPress i\u00e7in bir dosya y\u00f6neticisi<\/p>\n","protected":false},"featured_media":13309,"comment_status":"open","ping_status":"closed","template":"","meta":[],"product_brand":[],"product_cat":[1413],"product_tag":[1506,2043,2045,2044,2041],"class_list":{"0":"post-13912","1":"product","2":"type-product","3":"status-publish","4":"has-post-thumbnail","6":"product_cat-eklentiler","7":"product_tag-dosya-yoneticisi","8":"product_tag-medya-klasoru","9":"product_tag-medya-kutuphanesi-klasorleri","10":"product_tag-medya-kutuphanesi-klasoru","11":"product_tag-wordpress-medya-kitapligi-klasorleri","13":"first","14":"instock","15":"downloadable","16":"virtual","17":"product-type-simple"},"_links":{"self":[{"href":"https:\/\/hexexist.com\/tr\/wp-json\/wp\/v2\/product\/13912","targetHints":{"allow":["GET"]}}],"collection":[{"href":"https:\/\/hexexist.com\/tr\/wp-json\/wp\/v2\/product"}],"about":[{"href":"https:\/\/hexexist.com\/tr\/wp-json\/wp\/v2\/types\/product"}],"replies":[{"embeddable":true,"href":"https:\/\/hexexist.com\/tr\/wp-json\/wp\/v2\/comments?post=13912"}],"wp:featuredmedia":[{"embeddable":true,"href":"https:\/\/hexexist.com\/tr\/wp-json\/wp\/v2\/media\/13309"}],"wp:attachment":[{"href":"https:\/\/hexexist.com\/tr\/wp-json\/wp\/v2\/media?parent=13912"}],"wp:term":[{"taxonomy":"product_brand","embeddable":true,"href":"https:\/\/hexexist.com\/tr\/wp-json\/wp\/v2\/product_brand?post=13912"},{"taxonomy":"product_cat","embeddable":true,"href":"https:\/\/hexexist.com\/tr\/wp-json\/wp\/v2\/product_cat?post=13912"},{"taxonomy":"product_tag","embeddable":true,"href":"https:\/\/hexexist.com\/tr\/wp-json\/wp\/v2\/product_tag?post=13912"}],"curies":[{"name":"wp","href":"https:\/\/api.w.org\/{rel}","templated":true}]}}