{"id":13913,"date":"2025-10-09T09:50:48","date_gmt":"2025-10-09T09:50:48","guid":{"rendered":"http:\/\/hexexist.com\/product\/woocommerce-icin-wpc-akilli-hizli-gorunum\/"},"modified":"2025-10-09T09:50:48","modified_gmt":"2025-10-09T09:50:48","slug":"woocommerce-icin-wpc-akilli-hizli-gorunum","status":"publish","type":"product","link":"https:\/\/hexexist.com\/tr\/urun\/woocommerce-icin-wpc-akilli-hizli-gorunum\/","title":{"rendered":"WooCommerce i\u00e7in WPC Ak\u0131ll\u0131 H\u0131zl\u0131 G\u00f6r\u00fcn\u00fcm"},"content":{"rendered":"<p>WooCommerce i\u00e7in WPC Smart Quick View, ma\u011faza sahiplerinin, m\u00fc\u015fterilerin mevcut sayfadan ayr\u0131lmadan \u00fcr\u00fcn ayr\u0131nt\u0131lar\u0131n\u0131n h\u0131zl\u0131 bir \u00f6zetini almalar\u0131n\u0131 sa\u011flayan bir H\u0131zl\u0131 g\u00f6r\u00fcn\u00fcm a\u00e7\u0131l\u0131r penceresi ayarlamas\u0131na olanak tan\u0131r. WPC Smart Quick View, ziyaret\u00e7ileriniz i\u00e7in geli\u015fmi\u015f bir site gezinme deneyimi sunar ve insanlar\u0131n karar vermesine yard\u0131mc\u0131 olur; b\u00f6ylece daha fazla ziyaret\u00e7iyi potansiyel m\u00fc\u015fterilere d\u00f6n\u00fc\u015ft\u00fcr\u00fcr. Ayr\u0131ca hemen \u00e7\u0131kma oran\u0131n\u0131 en aza indirmeye ve site s\u0131ralamas\u0131n\u0131 iyile\u015ftirmeye yard\u0131mc\u0131 olur. Ayr\u0131ca, WPC Smart Quick View SEO i\u00e7in tamamen optimize edilmi\u015ftir, t\u00fcm WordPress temalar\u0131 ve site \u00e7evirisi i\u00e7in WPML eklentisi ile uyumludur. \u00d6zellikle, k\u00fc\u00e7\u00fck ekranl\u0131 el cihazlar\u0131nda bile, eklentinin y\u00fcksek uyarlanabilirli\u011fi sayesinde sitenizin g\u00f6r\u00fcn\u00fcm\u00fc hala harika olacakt\u0131r.    <\/p>\n","protected":false},"excerpt":{"rendered":"<p>WooCommerce i\u00e7in WPC Smart Quick View, ma\u011faza sahiplerinin, m\u00fc\u015fterilerin mevcut sayfadan ayr\u0131lmadan \u00fcr\u00fcn ayr\u0131nt\u0131lar\u0131n\u0131n h\u0131zl\u0131 bir \u00f6zetini almalar\u0131n\u0131 sa\u011flayan bir H\u0131zl\u0131 g\u00f6r\u00fcn\u00fcm a\u00e7\u0131l\u0131r penceresi ayarlamas\u0131na olanak tan\u0131r. WPC Smart Quick View, ziyaret\u00e7ileriniz i\u00e7in geli\u015fmi\u015f bir site gezinme deneyimi sunar ve insanlar\u0131n karar vermesine yard\u0131mc\u0131 olur; b\u00f6ylece daha fazla ziyaret\u00e7iyi potansiyel m\u00fc\u015fterilere d\u00f6n\u00fc\u015ft\u00fcr\u00fcr. Ayr\u0131ca hemen \u00e7\u0131kma [&hellip;]<\/p>\n","protected":false},"featured_media":13316,"comment_status":"open","ping_status":"closed","template":"","meta":[],"product_brand":[],"product_cat":[1413],"product_tag":[2042,1906,1459,1695],"class_list":{"0":"post-13913","1":"product","2":"type-product","3":"status-publish","4":"has-post-thumbnail","6":"product_cat-eklentiler","7":"product_tag-hizli-gorunum-tr","8":"product_tag-hizli-gorunum","9":"product_tag-woocommerce-tr","10":"product_tag-wpc-tr","12":"first","13":"instock","14":"downloadable","15":"virtual","16":"product-type-simple"},"_links":{"self":[{"href":"https:\/\/hexexist.com\/tr\/wp-json\/wp\/v2\/product\/13913","targetHints":{"allow":["GET"]}}],"collection":[{"href":"https:\/\/hexexist.com\/tr\/wp-json\/wp\/v2\/product"}],"about":[{"href":"https:\/\/hexexist.com\/tr\/wp-json\/wp\/v2\/types\/product"}],"replies":[{"embeddable":true,"href":"https:\/\/hexexist.com\/tr\/wp-json\/wp\/v2\/comments?post=13913"}],"wp:featuredmedia":[{"embeddable":true,"href":"https:\/\/hexexist.com\/tr\/wp-json\/wp\/v2\/media\/13316"}],"wp:attachment":[{"href":"https:\/\/hexexist.com\/tr\/wp-json\/wp\/v2\/media?parent=13913"}],"wp:term":[{"taxonomy":"product_brand","embeddable":true,"href":"https:\/\/hexexist.com\/tr\/wp-json\/wp\/v2\/product_brand?post=13913"},{"taxonomy":"product_cat","embeddable":true,"href":"https:\/\/hexexist.com\/tr\/wp-json\/wp\/v2\/product_cat?post=13913"},{"taxonomy":"product_tag","embeddable":true,"href":"https:\/\/hexexist.com\/tr\/wp-json\/wp\/v2\/product_tag?post=13913"}],"curies":[{"name":"wp","href":"https:\/\/api.w.org\/{rel}","templated":true}]}}