{"id":13914,"date":"2025-10-09T09:50:48","date_gmt":"2025-10-09T09:50:48","guid":{"rendered":"http:\/\/hexexist.com\/product\/widget-css-siniflari\/"},"modified":"2025-10-09T09:50:48","modified_gmt":"2025-10-09T09:50:48","slug":"widget-css-siniflari","status":"publish","type":"product","link":"https:\/\/hexexist.com\/tr\/urun\/widget-css-siniflari\/","title":{"rendered":"Widget CSS S\u0131n\u0131flar\u0131"},"content":{"rendered":"<p>L\u00fctfen bu eklentinin \u00f6zel CSS girmenize izin vermedi\u011fini unutmay\u0131n. Teman\u0131z\u0131n style.css&#8217;sini d\u00fczenlemeniz veya \u00f6zel CSS girmenize izin veren ba\u015fka bir eklenti eklemeniz gerekir. <\/p>\n","protected":false},"excerpt":{"rendered":"<p>L\u00fctfen bu eklentinin \u00f6zel CSS girmenize izin vermedi\u011fini unutmay\u0131n. Teman\u0131z\u0131n style.css&#8217;sini d\u00fczenlemeniz veya \u00f6zel CSS girmenize izin veren ba\u015fka bir eklenti eklemeniz gerekir.<\/p>\n","protected":false},"featured_media":13315,"comment_status":"open","ping_status":"closed","template":"","meta":[],"product_brand":[],"product_cat":[1413],"product_tag":[1522,2046,2048,2047,2030],"class_list":{"0":"post-13914","1":"product","2":"type-product","3":"status-publish","4":"has-post-thumbnail","6":"product_cat-eklentiler","7":"product_tag-css-tr","8":"product_tag-siniflar","9":"product_tag-widget-css-tr","10":"product_tag-widget-siniflari","11":"product_tag-widgetlar","13":"first","14":"instock","15":"downloadable","16":"virtual","17":"product-type-simple"},"_links":{"self":[{"href":"https:\/\/hexexist.com\/tr\/wp-json\/wp\/v2\/product\/13914","targetHints":{"allow":["GET"]}}],"collection":[{"href":"https:\/\/hexexist.com\/tr\/wp-json\/wp\/v2\/product"}],"about":[{"href":"https:\/\/hexexist.com\/tr\/wp-json\/wp\/v2\/types\/product"}],"replies":[{"embeddable":true,"href":"https:\/\/hexexist.com\/tr\/wp-json\/wp\/v2\/comments?post=13914"}],"wp:featuredmedia":[{"embeddable":true,"href":"https:\/\/hexexist.com\/tr\/wp-json\/wp\/v2\/media\/13315"}],"wp:attachment":[{"href":"https:\/\/hexexist.com\/tr\/wp-json\/wp\/v2\/media?parent=13914"}],"wp:term":[{"taxonomy":"product_brand","embeddable":true,"href":"https:\/\/hexexist.com\/tr\/wp-json\/wp\/v2\/product_brand?post=13914"},{"taxonomy":"product_cat","embeddable":true,"href":"https:\/\/hexexist.com\/tr\/wp-json\/wp\/v2\/product_cat?post=13914"},{"taxonomy":"product_tag","embeddable":true,"href":"https:\/\/hexexist.com\/tr\/wp-json\/wp\/v2\/product_tag?post=13914"}],"curies":[{"name":"wp","href":"https:\/\/api.w.org\/{rel}","templated":true}]}}