{"id":13916,"date":"2025-10-09T09:50:48","date_gmt":"2025-10-09T09:50:48","guid":{"rendered":"http:\/\/hexexist.com\/product\/donemsel-gdpr-ccpa-cerez-onayi-banneri\/"},"modified":"2025-10-09T09:50:48","modified_gmt":"2025-10-09T09:50:48","slug":"donemsel-gdpr-ccpa-cerez-onayi-banneri","status":"publish","type":"product","link":"https:\/\/hexexist.com\/tr\/urun\/donemsel-gdpr-ccpa-cerez-onayi-banneri\/","title":{"rendered":"D\u00f6nemsel GDPR\/CCPA \u00c7erez Onay\u0131 Banner&#8217;\u0131"},"content":{"rendered":"<p>Termly&#8217;nin GDPR-CCPA \u00c7erez Onay\u0131 Banner&#8217;\u0131, WordPress i\u00e7in mevcut olan en kolay, en etkili ve pop\u00fcler \u00e7erez onay\u0131 eklentilerinden biridir. Onay Y\u00f6netimi Platformumuz (CMP), i\u015fletmelerin GDPR, CCPA, ePrivacy Direktifi, t\u00fcm ABD eyalet d\u00fczeyindeki gizlilik yasalar\u0131, \u0130ngiltere&#8217;nin PECR&#8217;si ve daha fazlas\u0131 dahil olmak \u00fczere d\u00fcnyan\u0131n d\u00f6rt bir yan\u0131ndan veri gizlili\u011fi yasalar\u0131na uymalar\u0131na yard\u0131mc\u0131 olur. Sertifikal\u0131 bir Google CMP Gold \u0130\u015f Orta\u011f\u0131 olarak \u00e7erez banner&#8217;\u0131m\u0131z ayr\u0131ca Google Consent Mode v2 ve Google Tag Manager (GTM) ile tam entegrasyona sahiptir.  <\/p>\n","protected":false},"excerpt":{"rendered":"<p>Termly&#8217;nin GDPR-CCPA \u00c7erez Onay\u0131 Banner&#8217;\u0131, WordPress i\u00e7in mevcut olan en kolay, en etkili ve pop\u00fcler \u00e7erez onay\u0131 eklentilerinden biridir. Onay Y\u00f6netimi Platformumuz (CMP), i\u015fletmelerin GDPR, CCPA, ePrivacy Direktifi, t\u00fcm ABD eyalet d\u00fczeyindeki gizlilik yasalar\u0131, \u0130ngiltere&#8217;nin PECR&#8217;si ve daha fazlas\u0131 dahil olmak \u00fczere d\u00fcnyan\u0131n d\u00f6rt bir yan\u0131ndan veri gizlili\u011fi yasalar\u0131na uymalar\u0131na yard\u0131mc\u0131 olur. Sertifikal\u0131 bir Google [&hellip;]<\/p>\n","protected":false},"featured_media":13314,"comment_status":"open","ping_status":"closed","template":"","meta":[],"product_brand":[],"product_cat":[1413],"product_tag":[1466,1643,1462,2049,2050],"class_list":{"0":"post-13916","1":"product","2":"type-product","3":"status-publish","4":"has-post-thumbnail","6":"product_cat-eklentiler","7":"product_tag-ccpa-tr","8":"product_tag-cerez-onayi","9":"product_tag-gdpr-tr","10":"product_tag-kurabiye-afisi","11":"product_tag-mahremiyet","13":"first","14":"instock","15":"downloadable","16":"virtual","17":"product-type-simple"},"_links":{"self":[{"href":"https:\/\/hexexist.com\/tr\/wp-json\/wp\/v2\/product\/13916","targetHints":{"allow":["GET"]}}],"collection":[{"href":"https:\/\/hexexist.com\/tr\/wp-json\/wp\/v2\/product"}],"about":[{"href":"https:\/\/hexexist.com\/tr\/wp-json\/wp\/v2\/types\/product"}],"replies":[{"embeddable":true,"href":"https:\/\/hexexist.com\/tr\/wp-json\/wp\/v2\/comments?post=13916"}],"wp:featuredmedia":[{"embeddable":true,"href":"https:\/\/hexexist.com\/tr\/wp-json\/wp\/v2\/media\/13314"}],"wp:attachment":[{"href":"https:\/\/hexexist.com\/tr\/wp-json\/wp\/v2\/media?parent=13916"}],"wp:term":[{"taxonomy":"product_brand","embeddable":true,"href":"https:\/\/hexexist.com\/tr\/wp-json\/wp\/v2\/product_brand?post=13916"},{"taxonomy":"product_cat","embeddable":true,"href":"https:\/\/hexexist.com\/tr\/wp-json\/wp\/v2\/product_cat?post=13916"},{"taxonomy":"product_tag","embeddable":true,"href":"https:\/\/hexexist.com\/tr\/wp-json\/wp\/v2\/product_tag?post=13916"}],"curies":[{"name":"wp","href":"https:\/\/api.w.org\/{rel}","templated":true}]}}