{"id":13917,"date":"2025-10-09T09:50:48","date_gmt":"2025-10-09T09:50:48","guid":{"rendered":"http:\/\/hexexist.com\/product\/woocommerce-icin-ozel-urun-sekmeleri\/"},"modified":"2025-10-09T09:50:48","modified_gmt":"2025-10-09T09:50:48","slug":"woocommerce-icin-ozel-urun-sekmeleri","status":"publish","type":"product","link":"https:\/\/hexexist.com\/tr\/urun\/woocommerce-icin-ozel-urun-sekmeleri\/","title":{"rendered":"WooCommerce i\u00e7in \u00d6zel \u00dcr\u00fcn Sekmeleri"},"content":{"rendered":"<p>Bu eklenti, ma\u011faza sahiplerinin \u00fcr\u00fcnlere \u00f6zel sekmeler eklemesine izin vermek i\u00e7in WooCommerce&#8217;i geni\u015fletir. Sekmeler, tek tek \u00fcr\u00fcn sayfalar\u0131nda varsay\u0131lan A\u00e7\u0131klama sekmesinin sa\u011f\u0131nda g\u00f6r\u00fcnt\u00fclenir.<\/p>\n","protected":false},"excerpt":{"rendered":"<p>Bu eklenti, ma\u011faza sahiplerinin \u00fcr\u00fcnlere \u00f6zel sekmeler eklemesine izin vermek i\u00e7in WooCommerce&#8217;i geni\u015fletir. Sekmeler, tek tek \u00fcr\u00fcn sayfalar\u0131nda varsay\u0131lan A\u00e7\u0131klama sekmesinin sa\u011f\u0131nda g\u00f6r\u00fcnt\u00fclenir.<\/p>\n","protected":false},"featured_media":13319,"comment_status":"open","ping_status":"closed","template":"","meta":[],"product_brand":[],"product_cat":[1413],"product_tag":[1849,2051,2053,2052,1459],"class_list":{"0":"post-13917","1":"product","2":"type-product","3":"status-publish","4":"has-post-thumbnail","6":"product_cat-eklentiler","7":"product_tag-cogaltmak","8":"product_tag-ozellestirmek","9":"product_tag-tekrarlanabilir","10":"product_tag-urun-sekmeleri","11":"product_tag-woocommerce-tr","13":"first","14":"instock","15":"downloadable","16":"virtual","17":"product-type-simple"},"_links":{"self":[{"href":"https:\/\/hexexist.com\/tr\/wp-json\/wp\/v2\/product\/13917","targetHints":{"allow":["GET"]}}],"collection":[{"href":"https:\/\/hexexist.com\/tr\/wp-json\/wp\/v2\/product"}],"about":[{"href":"https:\/\/hexexist.com\/tr\/wp-json\/wp\/v2\/types\/product"}],"replies":[{"embeddable":true,"href":"https:\/\/hexexist.com\/tr\/wp-json\/wp\/v2\/comments?post=13917"}],"wp:featuredmedia":[{"embeddable":true,"href":"https:\/\/hexexist.com\/tr\/wp-json\/wp\/v2\/media\/13319"}],"wp:attachment":[{"href":"https:\/\/hexexist.com\/tr\/wp-json\/wp\/v2\/media?parent=13917"}],"wp:term":[{"taxonomy":"product_brand","embeddable":true,"href":"https:\/\/hexexist.com\/tr\/wp-json\/wp\/v2\/product_brand?post=13917"},{"taxonomy":"product_cat","embeddable":true,"href":"https:\/\/hexexist.com\/tr\/wp-json\/wp\/v2\/product_cat?post=13917"},{"taxonomy":"product_tag","embeddable":true,"href":"https:\/\/hexexist.com\/tr\/wp-json\/wp\/v2\/product_tag?post=13917"}],"curies":[{"name":"wp","href":"https:\/\/api.w.org\/{rel}","templated":true}]}}