{"id":13918,"date":"2025-10-09T09:50:49","date_gmt":"2025-10-09T09:50:49","guid":{"rendered":"http:\/\/hexexist.com\/product\/independent-analytics-wordpress-icin-google-analytics-alternatifi\/"},"modified":"2025-10-09T09:50:49","modified_gmt":"2025-10-09T09:50:49","slug":"independent-analytics-wordpress-icin-google-analytics-alternatifi","status":"publish","type":"product","link":"https:\/\/hexexist.com\/tr\/urun\/independent-analytics-wordpress-icin-google-analytics-alternatifi\/","title":{"rendered":"Independent Analytics WordPress i\u00e7in Google Analytics Alternatifi"},"content":{"rendered":"<p>Independent Analytics, yaln\u0131zca WordPress i\u00e7in yap\u0131lm\u0131\u015f GDPR dostu bir web sitesi analiz eklentisidir. Bir Google Analytics alternatifine haz\u0131rsan\u0131z bir deneyin. <\/p>\n","protected":false},"excerpt":{"rendered":"<p>Independent Analytics, yaln\u0131zca WordPress i\u00e7in yap\u0131lm\u0131\u015f GDPR dostu bir web sitesi analiz eklentisidir. Bir Google Analytics alternatifine haz\u0131rsan\u0131z bir deneyin.<\/p>\n","protected":false},"featured_media":13327,"comment_status":"open","ping_status":"closed","template":"","meta":[],"product_brand":[],"product_cat":[1413],"product_tag":[1550,2056,1980,1551,2054],"class_list":{"0":"post-13918","1":"product","2":"type-product","3":"status-publish","4":"has-post-thumbnail","6":"product_cat-eklentiler","7":"product_tag-analitik","8":"product_tag-analitik-gosterge-tablosu","9":"product_tag-google-analitik","10":"product_tag-istatistikler","11":"product_tag-wordpress-analizleri","13":"first","14":"instock","15":"downloadable","16":"virtual","17":"product-type-simple"},"_links":{"self":[{"href":"https:\/\/hexexist.com\/tr\/wp-json\/wp\/v2\/product\/13918","targetHints":{"allow":["GET"]}}],"collection":[{"href":"https:\/\/hexexist.com\/tr\/wp-json\/wp\/v2\/product"}],"about":[{"href":"https:\/\/hexexist.com\/tr\/wp-json\/wp\/v2\/types\/product"}],"replies":[{"embeddable":true,"href":"https:\/\/hexexist.com\/tr\/wp-json\/wp\/v2\/comments?post=13918"}],"wp:featuredmedia":[{"embeddable":true,"href":"https:\/\/hexexist.com\/tr\/wp-json\/wp\/v2\/media\/13327"}],"wp:attachment":[{"href":"https:\/\/hexexist.com\/tr\/wp-json\/wp\/v2\/media?parent=13918"}],"wp:term":[{"taxonomy":"product_brand","embeddable":true,"href":"https:\/\/hexexist.com\/tr\/wp-json\/wp\/v2\/product_brand?post=13918"},{"taxonomy":"product_cat","embeddable":true,"href":"https:\/\/hexexist.com\/tr\/wp-json\/wp\/v2\/product_cat?post=13918"},{"taxonomy":"product_tag","embeddable":true,"href":"https:\/\/hexexist.com\/tr\/wp-json\/wp\/v2\/product_tag?post=13918"}],"curies":[{"name":"wp","href":"https:\/\/api.w.org\/{rel}","templated":true}]}}