{"id":13919,"date":"2025-10-09T09:50:48","date_gmt":"2025-10-09T09:50:48","guid":{"rendered":"http:\/\/hexexist.com\/product\/wp-meta-ve-tarih-kaldirici\/"},"modified":"2025-10-09T09:50:48","modified_gmt":"2025-10-09T09:50:48","slug":"wp-meta-ve-tarih-kaldirici","status":"publish","type":"product","link":"https:\/\/hexexist.com\/tr\/urun\/wp-meta-ve-tarih-kaldirici\/","title":{"rendered":"WP Meta ve Tarih Kald\u0131r\u0131c\u0131"},"content":{"rendered":"<p>T\u0131klamayla Meta, Yazar ve Tarihi kald\u0131r\u0131n. Y\u00fckleyin. Etkinle\u015ftirin. Ve bitti!   <\/p>\n","protected":false},"excerpt":{"rendered":"<p>T\u0131klamayla Meta, Yazar ve Tarihi kald\u0131r\u0131n. Y\u00fckleyin. Etkinle\u015ftirin. Ve bitti!<\/p>\n","protected":false},"featured_media":13318,"comment_status":"open","ping_status":"closed","template":"","meta":[],"product_brand":[],"product_cat":[1413],"product_tag":[1494,2058,2059,2057,2055],"class_list":{"0":"post-13919","1":"product","2":"type-product","3":"status-publish","4":"has-post-thumbnail","6":"product_cat-eklentiler","7":"product_tag-gonderiler","8":"product_tag-metadata-tr","9":"product_tag-sokucu","10":"product_tag-tarih","11":"product_tag-yazar","13":"first","14":"instock","15":"downloadable","16":"virtual","17":"product-type-simple"},"_links":{"self":[{"href":"https:\/\/hexexist.com\/tr\/wp-json\/wp\/v2\/product\/13919","targetHints":{"allow":["GET"]}}],"collection":[{"href":"https:\/\/hexexist.com\/tr\/wp-json\/wp\/v2\/product"}],"about":[{"href":"https:\/\/hexexist.com\/tr\/wp-json\/wp\/v2\/types\/product"}],"replies":[{"embeddable":true,"href":"https:\/\/hexexist.com\/tr\/wp-json\/wp\/v2\/comments?post=13919"}],"wp:featuredmedia":[{"embeddable":true,"href":"https:\/\/hexexist.com\/tr\/wp-json\/wp\/v2\/media\/13318"}],"wp:attachment":[{"href":"https:\/\/hexexist.com\/tr\/wp-json\/wp\/v2\/media?parent=13919"}],"wp:term":[{"taxonomy":"product_brand","embeddable":true,"href":"https:\/\/hexexist.com\/tr\/wp-json\/wp\/v2\/product_brand?post=13919"},{"taxonomy":"product_cat","embeddable":true,"href":"https:\/\/hexexist.com\/tr\/wp-json\/wp\/v2\/product_cat?post=13919"},{"taxonomy":"product_tag","embeddable":true,"href":"https:\/\/hexexist.com\/tr\/wp-json\/wp\/v2\/product_tag?post=13919"}],"curies":[{"name":"wp","href":"https:\/\/api.w.org\/{rel}","templated":true}]}}