{"id":13920,"date":"2025-10-09T09:50:49","date_gmt":"2025-10-09T09:50:49","guid":{"rendered":"http:\/\/hexexist.com\/product\/etkinlik-biletleri-ve-kayit\/"},"modified":"2025-10-09T09:50:49","modified_gmt":"2025-10-09T09:50:49","slug":"etkinlik-biletleri-ve-kayit","status":"publish","type":"product","link":"https:\/\/hexexist.com\/tr\/urun\/etkinlik-biletleri-ve-kayit\/","title":{"rendered":"Etkinlik Biletleri ve Kay\u0131t"},"content":{"rendered":"<p>WordPress&#8217;in bir numaral\u0131 takviminin arkas\u0131ndaki ekibin \u00fccretsiz Event Tickets eklentisi ile bilet sat\u0131n ve LCV toplay\u0131n.<\/p>\n","protected":false},"excerpt":{"rendered":"<p>WordPress&#8217;in bir numaral\u0131 takviminin arkas\u0131ndaki ekibin \u00fccretsiz Event Tickets eklentisi ile bilet sat\u0131n ve LCV toplay\u0131n.<\/p>\n","protected":false},"featured_media":13326,"comment_status":"open","ping_status":"closed","template":"","meta":[],"product_brand":[],"product_cat":[1413],"product_tag":[2063,1662,2060,2061],"class_list":{"0":"post-13920","1":"product","2":"type-product","3":"status-publish","4":"has-post-thumbnail","6":"product_cat-eklentiler","7":"product_tag-bilet-satislari","8":"product_tag-biletler","9":"product_tag-etkinlik-kaydi","10":"product_tag-rsvp-tr","12":"first","13":"instock","14":"downloadable","15":"virtual","16":"product-type-simple"},"_links":{"self":[{"href":"https:\/\/hexexist.com\/tr\/wp-json\/wp\/v2\/product\/13920","targetHints":{"allow":["GET"]}}],"collection":[{"href":"https:\/\/hexexist.com\/tr\/wp-json\/wp\/v2\/product"}],"about":[{"href":"https:\/\/hexexist.com\/tr\/wp-json\/wp\/v2\/types\/product"}],"replies":[{"embeddable":true,"href":"https:\/\/hexexist.com\/tr\/wp-json\/wp\/v2\/comments?post=13920"}],"wp:featuredmedia":[{"embeddable":true,"href":"https:\/\/hexexist.com\/tr\/wp-json\/wp\/v2\/media\/13326"}],"wp:attachment":[{"href":"https:\/\/hexexist.com\/tr\/wp-json\/wp\/v2\/media?parent=13920"}],"wp:term":[{"taxonomy":"product_brand","embeddable":true,"href":"https:\/\/hexexist.com\/tr\/wp-json\/wp\/v2\/product_brand?post=13920"},{"taxonomy":"product_cat","embeddable":true,"href":"https:\/\/hexexist.com\/tr\/wp-json\/wp\/v2\/product_cat?post=13920"},{"taxonomy":"product_tag","embeddable":true,"href":"https:\/\/hexexist.com\/tr\/wp-json\/wp\/v2\/product_tag?post=13920"}],"curies":[{"name":"wp","href":"https:\/\/api.w.org\/{rel}","templated":true}]}}