{"id":13921,"date":"2025-10-09T09:50:48","date_gmt":"2025-10-09T09:50:48","guid":{"rendered":"http:\/\/hexexist.com\/product\/woocommerce-icin-odeme-alani-yoneticisi-checkout-manager\/"},"modified":"2025-10-09T09:50:48","modified_gmt":"2025-10-09T09:50:48","slug":"woocommerce-icin-odeme-alani-yoneticisi-checkout-manager","status":"publish","type":"product","link":"https:\/\/hexexist.com\/tr\/urun\/woocommerce-icin-odeme-alani-yoneticisi-checkout-manager\/","title":{"rendered":"WooCommerce i\u00e7in \u00d6deme Alan\u0131 Y\u00f6neticisi (Checkout Manager)"},"content":{"rendered":"<p>Premium | Demo | Dok\u00fcmantasyon | Topluluk<\/p>\n","protected":false},"excerpt":{"rendered":"<p>Premium | Demo | Dok\u00fcmantasyon | Topluluk<\/p>\n","protected":false},"featured_media":13317,"comment_status":"open","ping_status":"closed","template":"","meta":[],"product_brand":[],"product_cat":[1413],"product_tag":[1730,2065,2064,2062,1728],"class_list":{"0":"post-13921","1":"product","2":"type-product","3":"status-publish","4":"has-post-thumbnail","6":"product_cat-eklentiler","7":"product_tag-odeme-alani-ozellestirici","8":"product_tag-odeme-alanlari","9":"product_tag-odeme-duzenleyicisi","10":"product_tag-odeme-muduru","11":"product_tag-woocommerce-odeme","13":"first","14":"instock","15":"downloadable","16":"virtual","17":"product-type-simple"},"_links":{"self":[{"href":"https:\/\/hexexist.com\/tr\/wp-json\/wp\/v2\/product\/13921","targetHints":{"allow":["GET"]}}],"collection":[{"href":"https:\/\/hexexist.com\/tr\/wp-json\/wp\/v2\/product"}],"about":[{"href":"https:\/\/hexexist.com\/tr\/wp-json\/wp\/v2\/types\/product"}],"replies":[{"embeddable":true,"href":"https:\/\/hexexist.com\/tr\/wp-json\/wp\/v2\/comments?post=13921"}],"wp:featuredmedia":[{"embeddable":true,"href":"https:\/\/hexexist.com\/tr\/wp-json\/wp\/v2\/media\/13317"}],"wp:attachment":[{"href":"https:\/\/hexexist.com\/tr\/wp-json\/wp\/v2\/media?parent=13921"}],"wp:term":[{"taxonomy":"product_brand","embeddable":true,"href":"https:\/\/hexexist.com\/tr\/wp-json\/wp\/v2\/product_brand?post=13921"},{"taxonomy":"product_cat","embeddable":true,"href":"https:\/\/hexexist.com\/tr\/wp-json\/wp\/v2\/product_cat?post=13921"},{"taxonomy":"product_tag","embeddable":true,"href":"https:\/\/hexexist.com\/tr\/wp-json\/wp\/v2\/product_tag?post=13921"}],"curies":[{"name":"wp","href":"https:\/\/api.w.org\/{rel}","templated":true}]}}