{"id":13925,"date":"2025-10-09T09:50:08","date_gmt":"2025-10-09T09:50:08","guid":{"rendered":"http:\/\/hexexist.com\/product\/wordpress-envira-fotograf-galerisi-icin-galeri-eklentisi\/"},"modified":"2025-10-09T09:50:08","modified_gmt":"2025-10-09T09:50:08","slug":"wordpress-envira-fotograf-galerisi-icin-galeri-eklentisi","status":"publish","type":"product","link":"https:\/\/hexexist.com\/tr\/urun\/wordpress-envira-fotograf-galerisi-icin-galeri-eklentisi\/","title":{"rendered":"WordPress Envira Foto\u011fraf Galerisi i\u00e7in Galeri Eklentisi"},"content":{"rendered":"<p>Envira Gallery, web ve sunucu performans\u0131 i\u00e7in son derece optimize edilmi\u015ftir \u00e7\u00fcnk\u00fc SEO ve d\u00f6n\u00fc\u015f\u00fcm s\u00f6z konusu oldu\u011funda h\u0131z\u0131n \u00f6nemini anl\u0131yoruz.<\/p>\n<p>\u00dccretsiz foto\u011fraf galerisi eklentimiz, a\u015fa\u011f\u0131dakiler dahil en iyi sayfa olu\u015fturucularla harika \u00e7al\u0131\u015f\u0131r: Elementor, Beaver Builder, Divi ve blok edit\u00f6r\u00fc.<\/p>\n","protected":false},"excerpt":{"rendered":"<p>Envira Gallery, web ve sunucu performans\u0131 i\u00e7in son derece optimize edilmi\u015ftir \u00e7\u00fcnk\u00fc SEO ve d\u00f6n\u00fc\u015f\u00fcm s\u00f6z konusu oldu\u011funda h\u0131z\u0131n \u00f6nemini anl\u0131yoruz. \u00dccretsiz foto\u011fraf galerisi eklentimiz, a\u015fa\u011f\u0131dakiler dahil en iyi sayfa olu\u015fturucularla harika \u00e7al\u0131\u015f\u0131r: Elementor, Beaver Builder, Divi ve blok edit\u00f6r\u00fc.<\/p>\n","protected":false},"featured_media":10942,"comment_status":"open","ping_status":"closed","template":"","meta":[],"product_brand":[],"product_cat":[1413],"product_tag":[2074,2069,1703,2067,2071],"class_list":{"0":"post-13925","1":"product","2":"type-product","3":"status-publish","4":"has-post-thumbnail","6":"product_cat-eklentiler","7":"product_tag-en-iyi-galeri-eklentisi","8":"product_tag-fotograf-galerisi","9":"product_tag-galeri","10":"product_tag-resim-galerisi","11":"product_tag-wordpress-galeri-eklentisi","13":"first","14":"instock","15":"downloadable","16":"virtual","17":"product-type-simple"},"_links":{"self":[{"href":"https:\/\/hexexist.com\/tr\/wp-json\/wp\/v2\/product\/13925","targetHints":{"allow":["GET"]}}],"collection":[{"href":"https:\/\/hexexist.com\/tr\/wp-json\/wp\/v2\/product"}],"about":[{"href":"https:\/\/hexexist.com\/tr\/wp-json\/wp\/v2\/types\/product"}],"replies":[{"embeddable":true,"href":"https:\/\/hexexist.com\/tr\/wp-json\/wp\/v2\/comments?post=13925"}],"wp:featuredmedia":[{"embeddable":true,"href":"https:\/\/hexexist.com\/tr\/wp-json\/wp\/v2\/media\/10942"}],"wp:attachment":[{"href":"https:\/\/hexexist.com\/tr\/wp-json\/wp\/v2\/media?parent=13925"}],"wp:term":[{"taxonomy":"product_brand","embeddable":true,"href":"https:\/\/hexexist.com\/tr\/wp-json\/wp\/v2\/product_brand?post=13925"},{"taxonomy":"product_cat","embeddable":true,"href":"https:\/\/hexexist.com\/tr\/wp-json\/wp\/v2\/product_cat?post=13925"},{"taxonomy":"product_tag","embeddable":true,"href":"https:\/\/hexexist.com\/tr\/wp-json\/wp\/v2\/product_tag?post=13925"}],"curies":[{"name":"wp","href":"https:\/\/api.w.org\/{rel}","templated":true}]}}