{"id":13926,"date":"2025-10-09T09:50:08","date_gmt":"2025-10-09T09:50:08","guid":{"rendered":"http:\/\/hexexist.com\/product\/brevo-e-posta-sms-web-push-sohbet-ve-daha-fazlasi\/"},"modified":"2025-10-09T09:50:08","modified_gmt":"2025-10-09T09:50:08","slug":"brevo-e-posta-sms-web-push-sohbet-ve-daha-fazlasi","status":"publish","type":"product","link":"https:\/\/hexexist.com\/tr\/urun\/brevo-e-posta-sms-web-push-sohbet-ve-daha-fazlasi\/","title":{"rendered":"Brevo E-posta, SMS, Web Push, Sohbet ve daha fazlas\u0131."},"content":{"rendered":"<p>E-posta, SMS, WhatsApp, Sohbet ve daha fazlas\u0131 arac\u0131l\u0131\u011f\u0131yla m\u00fc\u015fteri ili\u015fkilerinizi y\u00f6netmek i\u00e7in en geli\u015fmi\u015f yapay zeka \u00f6zellikli platform.<\/p>\n","protected":false},"excerpt":{"rendered":"<p>E-posta, SMS, WhatsApp, Sohbet ve daha fazlas\u0131 arac\u0131l\u0131\u011f\u0131yla m\u00fc\u015fteri ili\u015fkilerinizi y\u00f6netmek i\u00e7in en geli\u015fmi\u015f yapay zeka \u00f6zellikli platform.<\/p>\n","protected":false},"featured_media":13131,"comment_status":"open","ping_status":"closed","template":"","meta":[],"product_brand":[],"product_cat":[1413],"product_tag":[2075,1432,1674,1528,2077],"class_list":{"0":"post-13926","1":"product","2":"type-product","3":"status-publish","4":"has-post-thumbnail","6":"product_cat-eklentiler","7":"product_tag-brevo-tr","8":"product_tag-bulten","9":"product_tag-e-posta-pazarlama","10":"product_tag-formlar","11":"product_tag-sendinblue-tr","13":"first","14":"instock","15":"downloadable","16":"virtual","17":"product-type-simple"},"_links":{"self":[{"href":"https:\/\/hexexist.com\/tr\/wp-json\/wp\/v2\/product\/13926","targetHints":{"allow":["GET"]}}],"collection":[{"href":"https:\/\/hexexist.com\/tr\/wp-json\/wp\/v2\/product"}],"about":[{"href":"https:\/\/hexexist.com\/tr\/wp-json\/wp\/v2\/types\/product"}],"replies":[{"embeddable":true,"href":"https:\/\/hexexist.com\/tr\/wp-json\/wp\/v2\/comments?post=13926"}],"wp:featuredmedia":[{"embeddable":true,"href":"https:\/\/hexexist.com\/tr\/wp-json\/wp\/v2\/media\/13131"}],"wp:attachment":[{"href":"https:\/\/hexexist.com\/tr\/wp-json\/wp\/v2\/media?parent=13926"}],"wp:term":[{"taxonomy":"product_brand","embeddable":true,"href":"https:\/\/hexexist.com\/tr\/wp-json\/wp\/v2\/product_brand?post=13926"},{"taxonomy":"product_cat","embeddable":true,"href":"https:\/\/hexexist.com\/tr\/wp-json\/wp\/v2\/product_cat?post=13926"},{"taxonomy":"product_tag","embeddable":true,"href":"https:\/\/hexexist.com\/tr\/wp-json\/wp\/v2\/product_tag?post=13926"}],"curies":[{"name":"wp","href":"https:\/\/api.w.org\/{rel}","templated":true}]}}