{"id":13927,"date":"2025-10-09T09:50:08","date_gmt":"2025-10-09T09:50:08","guid":{"rendered":"http:\/\/hexexist.com\/product\/xml-rpcyi-devre-disi-birak\/"},"modified":"2025-10-09T09:50:08","modified_gmt":"2025-10-09T09:50:08","slug":"xml-rpcyi-devre-disi-birak","status":"publish","type":"product","link":"https:\/\/hexexist.com\/tr\/urun\/xml-rpcyi-devre-disi-birak\/","title":{"rendered":"XML-RPC&#8217;yi devre d\u0131\u015f\u0131 b\u0131rak"},"content":{"rendered":"<p>Olduk\u00e7a basit bir \u015fekilde, bu eklenti, 3.5 veya daha \u00fcst\u00fcn\u00fc \u00e7al\u0131\u015ft\u0131ran bir WordPress sitesinde XML-RPC API&#8217;sini devre d\u0131\u015f\u0131 b\u0131rakmak i\u00e7in yerle\u015fik WordPress filtresi ?xmlrpc_enabled?<\/p>\n","protected":false},"excerpt":{"rendered":"<p>Olduk\u00e7a basit bir \u015fekilde, bu eklenti, 3.5 veya daha \u00fcst\u00fcn\u00fc \u00e7al\u0131\u015ft\u0131ran bir WordPress sitesinde XML-RPC API&#8217;sini devre d\u0131\u015f\u0131 b\u0131rakmak i\u00e7in yerle\u015fik WordPress filtresi ?xmlrpc_enabled?<\/p>\n","protected":false},"featured_media":13126,"comment_status":"open","ping_status":"closed","template":"","meta":[],"product_brand":[],"product_cat":[1413],"product_tag":[2076],"class_list":{"0":"post-13927","1":"product","2":"type-product","3":"status-publish","4":"has-post-thumbnail","6":"product_cat-eklentiler","7":"product_tag-xmlrpc-tr","9":"first","10":"instock","11":"downloadable","12":"virtual","13":"product-type-simple"},"_links":{"self":[{"href":"https:\/\/hexexist.com\/tr\/wp-json\/wp\/v2\/product\/13927","targetHints":{"allow":["GET"]}}],"collection":[{"href":"https:\/\/hexexist.com\/tr\/wp-json\/wp\/v2\/product"}],"about":[{"href":"https:\/\/hexexist.com\/tr\/wp-json\/wp\/v2\/types\/product"}],"replies":[{"embeddable":true,"href":"https:\/\/hexexist.com\/tr\/wp-json\/wp\/v2\/comments?post=13927"}],"wp:featuredmedia":[{"embeddable":true,"href":"https:\/\/hexexist.com\/tr\/wp-json\/wp\/v2\/media\/13126"}],"wp:attachment":[{"href":"https:\/\/hexexist.com\/tr\/wp-json\/wp\/v2\/media?parent=13927"}],"wp:term":[{"taxonomy":"product_brand","embeddable":true,"href":"https:\/\/hexexist.com\/tr\/wp-json\/wp\/v2\/product_brand?post=13927"},{"taxonomy":"product_cat","embeddable":true,"href":"https:\/\/hexexist.com\/tr\/wp-json\/wp\/v2\/product_cat?post=13927"},{"taxonomy":"product_tag","embeddable":true,"href":"https:\/\/hexexist.com\/tr\/wp-json\/wp\/v2\/product_tag?post=13927"}],"curies":[{"name":"wp","href":"https:\/\/api.w.org\/{rel}","templated":true}]}}