{"id":13928,"date":"2025-10-09T09:50:09","date_gmt":"2025-10-09T09:50:09","guid":{"rendered":"http:\/\/hexexist.com\/product\/tinypng-jpeg-png-ve-webp-goruntu-sikistirma\/"},"modified":"2025-10-09T09:50:09","modified_gmt":"2025-10-09T09:50:09","slug":"tinypng-jpeg-png-ve-webp-goruntu-sikistirma","status":"publish","type":"product","link":"https:\/\/hexexist.com\/tr\/urun\/tinypng-jpeg-png-ve-webp-goruntu-sikistirma\/","title":{"rendered":"TinyPNG JPEG, PNG ve WebP g\u00f6r\u00fcnt\u00fc s\u0131k\u0131\u015ft\u0131rma"},"content":{"rendered":"<p>JPEG, PNG ve WebP resimlerinizi optimize ederek web sitenizi daha h\u0131zl\u0131 hale getirin. Bu eklenti, pop\u00fcler g\u00f6r\u00fcnt\u00fc s\u0131k\u0131\u015ft\u0131rma hizmetleri TinyJPG ve TinyPNG ile entegre olarak t\u00fcm g\u00f6r\u00fcnt\u00fclerinizi otomatik olarak optimize eder.<\/p>\n","protected":false},"excerpt":{"rendered":"<p>JPEG, PNG ve WebP resimlerinizi optimize ederek web sitenizi daha h\u0131zl\u0131 hale getirin. Bu eklenti, pop\u00fcler g\u00f6r\u00fcnt\u00fc s\u0131k\u0131\u015ft\u0131rma hizmetleri TinyJPG ve TinyPNG ile entegre olarak t\u00fcm g\u00f6r\u00fcnt\u00fclerinizi otomatik olarak optimize eder.<\/p>\n","protected":false},"featured_media":13137,"comment_status":"open","ping_status":"closed","template":"","meta":[],"product_brand":[],"product_cat":[1413],"product_tag":[2081,2078,1469,1839,2080],"class_list":{"0":"post-13928","1":"product","2":"type-product","3":"status-publish","4":"has-post-thumbnail","6":"product_cat-eklentiler","7":"product_tag-goruntu-boyutu","8":"product_tag-goruntuleri-sikistir","9":"product_tag-performans","10":"product_tag-sayfa-hizi-tr","11":"product_tag-sikistirma","13":"first","14":"instock","15":"downloadable","16":"virtual","17":"product-type-simple"},"_links":{"self":[{"href":"https:\/\/hexexist.com\/tr\/wp-json\/wp\/v2\/product\/13928","targetHints":{"allow":["GET"]}}],"collection":[{"href":"https:\/\/hexexist.com\/tr\/wp-json\/wp\/v2\/product"}],"about":[{"href":"https:\/\/hexexist.com\/tr\/wp-json\/wp\/v2\/types\/product"}],"replies":[{"embeddable":true,"href":"https:\/\/hexexist.com\/tr\/wp-json\/wp\/v2\/comments?post=13928"}],"wp:featuredmedia":[{"embeddable":true,"href":"https:\/\/hexexist.com\/tr\/wp-json\/wp\/v2\/media\/13137"}],"wp:attachment":[{"href":"https:\/\/hexexist.com\/tr\/wp-json\/wp\/v2\/media?parent=13928"}],"wp:term":[{"taxonomy":"product_brand","embeddable":true,"href":"https:\/\/hexexist.com\/tr\/wp-json\/wp\/v2\/product_brand?post=13928"},{"taxonomy":"product_cat","embeddable":true,"href":"https:\/\/hexexist.com\/tr\/wp-json\/wp\/v2\/product_cat?post=13928"},{"taxonomy":"product_tag","embeddable":true,"href":"https:\/\/hexexist.com\/tr\/wp-json\/wp\/v2\/product_tag?post=13928"}],"curies":[{"name":"wp","href":"https:\/\/api.w.org\/{rel}","templated":true}]}}