{"id":13929,"date":"2025-10-09T09:50:08","date_gmt":"2025-10-09T09:50:08","guid":{"rendered":"http:\/\/hexexist.com\/product\/wp-ghost-wp-ghostumu-gizle-guvenlik-ve-guvenlik-duvari\/"},"modified":"2025-10-09T09:50:08","modified_gmt":"2025-10-09T09:50:08","slug":"wp-ghost-wp-ghostumu-gizle-guvenlik-ve-guvenlik-duvari","status":"publish","type":"product","link":"https:\/\/hexexist.com\/tr\/urun\/wp-ghost-wp-ghostumu-gizle-guvenlik-ve-guvenlik-duvari\/","title":{"rendered":"WP Ghost (WP Ghost&#8217;umu Gizle) G\u00fcvenlik ve G\u00fcvenlik Duvar\u0131"},"content":{"rendered":"<p>WP Ghost eklentisi ile WordPress g\u00fcvenli\u011finizi art\u0131r\u0131n!<\/p>\n","protected":false},"excerpt":{"rendered":"<p>WP Ghost eklentisi ile WordPress g\u00fcvenli\u011finizi art\u0131r\u0131n!<\/p>\n","protected":false},"featured_media":13130,"comment_status":"open","ping_status":"closed","template":"","meta":[],"product_brand":[],"product_cat":[1413],"product_tag":[2015,1426,1455,1456,2079],"class_list":{"0":"post-13929","1":"product","2":"type-product","3":"status-publish","4":"has-post-thumbnail","6":"product_cat-eklentiler","7":"product_tag-giris","8":"product_tag-gizle","9":"product_tag-guvenlik","10":"product_tag-guvenlik-duvari","11":"product_tag-wp-admin-tr","13":"first","14":"instock","15":"downloadable","16":"virtual","17":"product-type-simple"},"_links":{"self":[{"href":"https:\/\/hexexist.com\/tr\/wp-json\/wp\/v2\/product\/13929","targetHints":{"allow":["GET"]}}],"collection":[{"href":"https:\/\/hexexist.com\/tr\/wp-json\/wp\/v2\/product"}],"about":[{"href":"https:\/\/hexexist.com\/tr\/wp-json\/wp\/v2\/types\/product"}],"replies":[{"embeddable":true,"href":"https:\/\/hexexist.com\/tr\/wp-json\/wp\/v2\/comments?post=13929"}],"wp:featuredmedia":[{"embeddable":true,"href":"https:\/\/hexexist.com\/tr\/wp-json\/wp\/v2\/media\/13130"}],"wp:attachment":[{"href":"https:\/\/hexexist.com\/tr\/wp-json\/wp\/v2\/media?parent=13929"}],"wp:term":[{"taxonomy":"product_brand","embeddable":true,"href":"https:\/\/hexexist.com\/tr\/wp-json\/wp\/v2\/product_brand?post=13929"},{"taxonomy":"product_cat","embeddable":true,"href":"https:\/\/hexexist.com\/tr\/wp-json\/wp\/v2\/product_cat?post=13929"},{"taxonomy":"product_tag","embeddable":true,"href":"https:\/\/hexexist.com\/tr\/wp-json\/wp\/v2\/product_tag?post=13929"}],"curies":[{"name":"wp","href":"https:\/\/api.w.org\/{rel}","templated":true}]}}