{"id":13930,"date":"2025-10-09T09:50:08","date_gmt":"2025-10-09T09:50:08","guid":{"rendered":"http:\/\/hexexist.com\/product\/bestwebsoft-tarafindan-recaptcha\/"},"modified":"2025-10-09T09:50:08","modified_gmt":"2025-10-09T09:50:08","slug":"bestwebsoft-tarafindan-recaptcha","status":"publish","type":"product","link":"https:\/\/hexexist.com\/tr\/urun\/bestwebsoft-tarafindan-recaptcha\/","title":{"rendered":"BestWebSoft taraf\u0131ndan reCaptcha"},"content":{"rendered":"<p>reCaptcha eklentisi, WordPress web sitesi formlar\u0131n\u0131z\u0131 spam giri\u015flerden korurken ger\u00e7ek ki\u015filerin kolayl\u0131kla ge\u00e7mesine izin veren etkili bir g\u00fcvenlik \u00e7\u00f6z\u00fcm\u00fcd\u00fcr. Giri\u015f, kay\u0131t, \u015fifre kurtarma, yorumlar, pop\u00fcler ileti\u015fim formlar\u0131 ve di\u011ferleri i\u00e7in kullan\u0131labilir. reCAPTCHA S\u00fcr\u00fcm 3, S\u00fcr\u00fcm 2, G\u00f6r\u00fcnmez dahildir.  <\/p>\n","protected":false},"excerpt":{"rendered":"<p>reCaptcha eklentisi, WordPress web sitesi formlar\u0131n\u0131z\u0131 spam giri\u015flerden korurken ger\u00e7ek ki\u015filerin kolayl\u0131kla ge\u00e7mesine izin veren etkili bir g\u00fcvenlik \u00e7\u00f6z\u00fcm\u00fcd\u00fcr. Giri\u015f, kay\u0131t, \u015fifre kurtarma, yorumlar, pop\u00fcler ileti\u015fim formlar\u0131 ve di\u011ferleri i\u00e7in kullan\u0131labilir. reCAPTCHA S\u00fcr\u00fcm 3, S\u00fcr\u00fcm 2, G\u00f6r\u00fcnmez dahildir.<\/p>\n","protected":false},"featured_media":13129,"comment_status":"open","ping_status":"closed","template":"","meta":[],"product_brand":[],"product_cat":[1413],"product_tag":[2084,2082,1545,2085,1821],"class_list":{"0":"post-13930","1":"product","2":"type-product","3":"status-publish","4":"has-post-thumbnail","6":"product_cat-eklentiler","7":"product_tag-anti-spam-guvenligi","8":"product_tag-antispam-tr","9":"product_tag-captcha-tr","10":"product_tag-captha-tr","11":"product_tag-recaptcha-tr","13":"first","14":"instock","15":"downloadable","16":"virtual","17":"product-type-simple"},"_links":{"self":[{"href":"https:\/\/hexexist.com\/tr\/wp-json\/wp\/v2\/product\/13930","targetHints":{"allow":["GET"]}}],"collection":[{"href":"https:\/\/hexexist.com\/tr\/wp-json\/wp\/v2\/product"}],"about":[{"href":"https:\/\/hexexist.com\/tr\/wp-json\/wp\/v2\/types\/product"}],"replies":[{"embeddable":true,"href":"https:\/\/hexexist.com\/tr\/wp-json\/wp\/v2\/comments?post=13930"}],"wp:featuredmedia":[{"embeddable":true,"href":"https:\/\/hexexist.com\/tr\/wp-json\/wp\/v2\/media\/13129"}],"wp:attachment":[{"href":"https:\/\/hexexist.com\/tr\/wp-json\/wp\/v2\/media?parent=13930"}],"wp:term":[{"taxonomy":"product_brand","embeddable":true,"href":"https:\/\/hexexist.com\/tr\/wp-json\/wp\/v2\/product_brand?post=13930"},{"taxonomy":"product_cat","embeddable":true,"href":"https:\/\/hexexist.com\/tr\/wp-json\/wp\/v2\/product_cat?post=13930"},{"taxonomy":"product_tag","embeddable":true,"href":"https:\/\/hexexist.com\/tr\/wp-json\/wp\/v2\/product_tag?post=13930"}],"curies":[{"name":"wp","href":"https:\/\/api.w.org\/{rel}","templated":true}]}}