{"id":13931,"date":"2025-10-09T09:50:09","date_gmt":"2025-10-09T09:50:09","guid":{"rendered":"http:\/\/hexexist.com\/product\/betterlinks-tarafindan-basit-301-yonlendirmeleri-wp-icin-kolay-yonlendirme-yoneticisi-404-hata-gunlugu-ve-daha-fazlasi\/"},"modified":"2025-10-09T09:50:09","modified_gmt":"2025-10-09T09:50:09","slug":"betterlinks-tarafindan-basit-301-yonlendirmeleri-wp-icin-kolay-yonlendirme-yoneticisi-404-hata-gunlugu-ve-daha-fazlasi","status":"publish","type":"product","link":"https:\/\/hexexist.com\/tr\/urun\/betterlinks-tarafindan-basit-301-yonlendirmeleri-wp-icin-kolay-yonlendirme-yoneticisi-404-hata-gunlugu-ve-daha-fazlasi\/","title":{"rendered":"BetterLinks Taraf\u0131ndan Basit 301 Y\u00f6nlendirmeleri WP i\u00e7in Kolay Y\u00f6nlendirme Y\u00f6neticisi, 404 Hata G\u00fcnl\u00fc\u011f\u00fc ve Daha Fazlas\u0131"},"content":{"rendered":"<p>Yeni bir URL ile pazarlama kampanyas\u0131 m\u0131 ba\u015flat\u0131yorsunuz? 404 bulunamad\u0131 hatas\u0131 m\u0131 ald\u0131n\u0131z? Veya web sitenizi yeni bir URL ile yeniden mi ba\u015flat\u0131yorsunuz? Mevcut sayfalara 301 y\u00f6nlendirmeleri olu\u015fturarak eski URL&#8217;lerinizi otomatik olarak yenilerine y\u00f6nlendirelim.<\/p>\n","protected":false},"excerpt":{"rendered":"<p>Yeni bir URL ile pazarlama kampanyas\u0131 m\u0131 ba\u015flat\u0131yorsunuz? 404 bulunamad\u0131 hatas\u0131 m\u0131 ald\u0131n\u0131z? Veya web sitenizi yeni bir URL ile yeniden mi ba\u015flat\u0131yorsunuz? Mevcut sayfalara 301 y\u00f6nlendirmeleri olu\u015fturarak eski URL&#8217;lerinizi otomatik olarak yenilerine y\u00f6nlendirelim.<\/p>\n","protected":false},"featured_media":13136,"comment_status":"open","ping_status":"closed","template":"","meta":[],"product_brand":[],"product_cat":[1413],"product_tag":[2083,2086,2087,2089,2088],"class_list":{"0":"post-13931","1":"product","2":"type-product","3":"status-publish","4":"has-post-thumbnail","6":"product_cat-eklentiler","7":"product_tag-301-yonlendirmesi","8":"product_tag-404-hata-gunlugu","9":"product_tag-baglanti-kisaltici","10":"product_tag-url-yonlendirmeleri","11":"product_tag-yonlendirme-urlsi","13":"first","14":"instock","15":"downloadable","16":"virtual","17":"product-type-simple"},"_links":{"self":[{"href":"https:\/\/hexexist.com\/tr\/wp-json\/wp\/v2\/product\/13931","targetHints":{"allow":["GET"]}}],"collection":[{"href":"https:\/\/hexexist.com\/tr\/wp-json\/wp\/v2\/product"}],"about":[{"href":"https:\/\/hexexist.com\/tr\/wp-json\/wp\/v2\/types\/product"}],"replies":[{"embeddable":true,"href":"https:\/\/hexexist.com\/tr\/wp-json\/wp\/v2\/comments?post=13931"}],"wp:featuredmedia":[{"embeddable":true,"href":"https:\/\/hexexist.com\/tr\/wp-json\/wp\/v2\/media\/13136"}],"wp:attachment":[{"href":"https:\/\/hexexist.com\/tr\/wp-json\/wp\/v2\/media?parent=13931"}],"wp:term":[{"taxonomy":"product_brand","embeddable":true,"href":"https:\/\/hexexist.com\/tr\/wp-json\/wp\/v2\/product_brand?post=13931"},{"taxonomy":"product_cat","embeddable":true,"href":"https:\/\/hexexist.com\/tr\/wp-json\/wp\/v2\/product_cat?post=13931"},{"taxonomy":"product_tag","embeddable":true,"href":"https:\/\/hexexist.com\/tr\/wp-json\/wp\/v2\/product_tag?post=13931"}],"curies":[{"name":"wp","href":"https:\/\/api.w.org\/{rel}","templated":true}]}}